{"id":10207,"date":"2025-01-13T08:49:44","date_gmt":"2025-01-13T07:49:44","guid":{"rendered":"https:\/\/ayh.dk\/winterlager\/aussenlager-stellplatz\/"},"modified":"2025-02-21T14:26:39","modified_gmt":"2025-02-21T13:26:39","slug":"aussenlager-stellplatz","status":"publish","type":"page","link":"https:\/\/ayh.dk\/de\/winterlager\/aussenlager-stellplatz\/","title":{"rendered":"Aussenlager Stellplatz"},"content":{"rendered":"\t\t<div data-elementor-type=\"wp-page\" data-elementor-id=\"10207\" class=\"elementor elementor-10207 elementor-9407\" data-elementor-post-type=\"page\">\n\t\t\t\t<div class=\"elementor-element elementor-element-681ff510 e-con-full no-padding e-flex e-con e-parent\" data-id=\"681ff510\" data-element_type=\"container\">\n\t\t\t\t<div class=\"elementor-element elementor-element-3ce0029a elementor-widget elementor-widget-template\" data-id=\"3ce0029a\" data-element_type=\"widget\" data-widget_type=\"template.default\">\n\t\t\t\t<div class=\"elementor-widget-container\">\n\t\t\t\t\t\t\t<div class=\"elementor-template\">\n\t\t\t\t\t<div data-elementor-type=\"container\" data-elementor-id=\"6563\" class=\"elementor elementor-6563\" data-elementor-post-type=\"elementor_library\">\n\t\t\t\t<div class=\"elementor-element elementor-element-6b499f1f e-con-full no-padding e-flex e-con e-parent\" data-id=\"6b499f1f\" data-element_type=\"container\">\n\t\t\t\t<div class=\"elementor-element elementor-element-1ecbb66 elementor-widget elementor-widget-template\" data-id=\"1ecbb66\" data-element_type=\"widget\" data-widget_type=\"template.default\">\n\t\t\t\t<div class=\"elementor-widget-container\">\n\t\t\t\t\t\t\t<div class=\"elementor-template\">\n\t\t\t\t\t<div data-elementor-type=\"container\" data-elementor-id=\"10233\" class=\"elementor elementor-10233 elementor-6576\" data-elementor-post-type=\"elementor_library\">\n\t\t\t\t<div class=\"elementor-element elementor-element-1df86564 overlay white e-flex e-con-boxed e-con e-parent\" data-id=\"1df86564\" data-element_type=\"container\" data-settings=\"{&quot;background_background&quot;:&quot;classic&quot;}\">\n\t\t\t\t\t<div class=\"e-con-inner\">\n\t\t\t\t<div class=\"elementor-element elementor-element-709eb40a elementor-widget__width-initial elementor-widget elementor-widget-text-editor\" data-id=\"709eb40a\" data-element_type=\"widget\" data-widget_type=\"text-editor.default\">\n\t\t\t\t<div class=\"elementor-widget-container\">\n\t\t\t\t\t\t\t\t\tHaben Sie fragen? Rufen Sie noch heute an.\t\t\t\t\t\t\t\t<\/div>\n\t\t\t\t<\/div>\n\t\t\t\t<div class=\"elementor-element elementor-element-c2b849f elementor-icon-list--layout-inline elementor-align-left elementor-widget__width-initial elementor-list-item-link-full_width elementor-widget elementor-widget-icon-list\" data-id=\"c2b849f\" data-element_type=\"widget\" data-widget_type=\"icon-list.default\">\n\t\t\t\t<div class=\"elementor-widget-container\">\n\t\t\t\t\t\t\t<ul class=\"elementor-icon-list-items elementor-inline-items\">\n\t\t\t\t\t\t\t<li class=\"elementor-icon-list-item elementor-inline-item\">\n\t\t\t\t\t\t\t\t\t\t<span class=\"elementor-icon-list-text\"><a href=\"tel:+45 74 47 15 62\" aria-label=\"Telefon nummer\">+45 74 47 15 62<\/a><\/span>\n\t\t\t\t\t\t\t\t\t<\/li>\n\t\t\t\t\t\t\t\t<li class=\"elementor-icon-list-item elementor-inline-item\">\n\t\t\t\t\t\t\t\t\t\t<span class=\"elementor-icon-list-text\"><a href=\"mailto:info@ayh.dk\" aria-label=\"Email adresse\">info@ayh.dk<\/a><\/span>\n\t\t\t\t\t\t\t\t\t<\/li>\n\t\t\t\t\t\t<\/ul>\n\t\t\t\t\t\t<\/div>\n\t\t\t\t<\/div>\n\t\t\t\t\t<\/div>\n\t\t\t\t<\/div>\n\t\t\t\t<\/div>\n\t\t\t\t<\/div>\n\t\t\t\t\t\t<\/div>\n\t\t\t\t<\/div>\n\t\t\t\t<\/div>\n\t\t\t\t<\/div>\n\t\t\t\t<\/div>\n\t\t\t\t\t\t<\/div>\n\t\t\t\t<\/div>\n\t\t\t\t<\/div>\n\t\t<div class=\"elementor-element elementor-element-3fb54be8 e-flex e-con-boxed e-con e-parent\" data-id=\"3fb54be8\" data-element_type=\"container\">\n\t\t\t\t\t<div class=\"e-con-inner\">\n\t\t<div class=\"elementor-element elementor-element-322ba2c8 e-con-full e-flex e-con e-child\" data-id=\"322ba2c8\" data-element_type=\"container\">\n\t\t\t\t<div class=\"elementor-element elementor-element-ba121e0 elementor-widget elementor-widget-heading\" data-id=\"ba121e0\" data-element_type=\"widget\" data-widget_type=\"heading.default\">\n\t\t\t\t<div class=\"elementor-widget-container\">\n\t\t\t\t\t<h2 class=\"elementor-heading-title elementor-size-default\">Winterlagerung im Freien \u2013 Flexibel und g\u00fcnstig<\/h2>\t\t\t\t<\/div>\n\t\t\t\t<\/div>\n\t\t\t\t<div class=\"elementor-element elementor-element-205db4db elementor-widget-divider--view-line elementor-widget elementor-widget-divider\" data-id=\"205db4db\" data-element_type=\"widget\" data-widget_type=\"divider.default\">\n\t\t\t\t<div class=\"elementor-widget-container\">\n\t\t\t\t\t\t\t<div class=\"elementor-divider\">\n\t\t\t<span class=\"elementor-divider-separator\">\n\t\t\t\t\t\t<\/span>\n\t\t<\/div>\n\t\t\t\t\t\t<\/div>\n\t\t\t\t<\/div>\n\t\t\t\t<\/div>\n\t\t<div class=\"elementor-element elementor-element-4d320897 e-con-full e-flex e-con e-child\" data-id=\"4d320897\" data-element_type=\"container\">\n\t\t\t\t<div class=\"elementor-element elementor-element-3d88d2db elementor-widget elementor-widget-text-editor\" data-id=\"3d88d2db\" data-element_type=\"widget\" data-widget_type=\"text-editor.default\">\n\t\t\t\t<div class=\"elementor-widget-container\">\n\t\t\t\t\t\t\t\t\t<p>Wir k\u00f6nnen Ihnen auch Aussenlager anbieten, hier gibt es jedoch Vorteile, aber auch Nachteile. Bei dem Aussenlager k\u00f6nnen Sie selber entscheiden wann Sie ins Wasser wollen. Bei dem Hallenlager h\u00e4ngt es nat\u00fcrlich davon ab wo Ihr Schiff in den Hallen eingelagert ist. Sie sind bei dem Fr\u00fchjahrsarbeiten abh\u00e4ngig von dem Wetter. Der Preis ist viel geringf\u00fcgiger. Viele sagen immer, dass es eine Geschmack Sache ist ob ein Schiff in der Halle steht oder drau\u00dfen aufbewahrt wird. Eins ist jedenfalls sicher. Ein Schiff ist immer in der Halle besser aufgehoben und \u00fcber l\u00e4ngere Zeit weniger verschleiss ausgesetzt.<\/p>\n<p>Beim Aussenlager besteht die m\u00f6glichkeit mit stehenden Mast zu stehen. Es gibt aber immer ein paar Ausnahmen. Gewicht, Tiefgang und Mastl\u00e4nge entscheidet ob Ihr Schiff aufgeriggt stehen bleiben kann am Land oder ob der Mast gelegt werden mu\u00df. Wie bei dem Hallenlager werden die Schiffe in modernen Bootsgestellen von Fabrikat Knijpstra gelagert. Wenn der Mast gelegt wird mu\u00df er entwieder im Mastenlager eingelagert oder auf dem Schiff hingelegt werden. Wir empfehlen aber immer den Mast zu legen. Wenn dieses nicht der Fall ist dann mu\u00df der Mast mindestens jedes 5 Jahr aus Sicherheitsgr\u00fcnden gelegt werden um alles zu \u00fcberpr\u00fcfen.<\/p>\n<p>Die Winterlagerungsmiete betr\u00e4gt 15,14 EUR pro m\u00b2 zz. Mw. St. Die lagerungsfl\u00e4che wird folgender ma\u00dfen berechnet (l.u.a. + 1 m x breite + 0,5 m).<\/p>\n<p>Dazu kommen noch zus\u00e4tzliche Kosten sowie Bockmiete, Ab-und Aufriggen, Auf- und Abslippen, Hochdruckspulen und Umweltkosten. Diese Preise sind zug\u00e4nglich auf den unterliegenden Seiten.<\/p>\n<p>Unsere Werft die beinah alle Bootsreparaturen ausf\u00fchren kann befindet sich in den naheliegende Hallen. Sie k\u00f6nnen nat\u00fcrlich alle Reparaturen an Ihrem Schiff selber ausf\u00fchren oder uns die Arbeit \u00fcberlassen. Wir stehen gerne zu verf\u00fcgung, wenn Sie einen Ratschlag brauchen weil Sie einfach nicht weiterkommen.<\/p>\n<p>Wenn Sie an einem unverbindliches Angebot interessiert sind, dann senden Sie uns einfach Ihre Daten und Sie empfangen innerhalb von ein paar Tagen ein Angebot.<\/p>\n\t\t\t\t\t\t\t\t<\/div>\n\t\t\t\t<\/div>\n\t\t\t\t<\/div>\n\t\t<div class=\"elementor-element elementor-element-5cb1bf46 e-con-full e-flex e-con e-child\" data-id=\"5cb1bf46\" data-element_type=\"container\">\n\t\t\t\t<div class=\"elementor-element elementor-element-6b98e3e9 dark elementor-widget elementor-widget-sidebar\" data-id=\"6b98e3e9\" data-element_type=\"widget\" data-widget_type=\"sidebar.default\">\n\t\t\t\t<div class=\"elementor-widget-container\">\n\t\t\t\t\t<aside id=\"text-14\" class=\"widget-odd widget-5 widget inner-padding widget_text\"><h2 class=\"widget-title\">Kontaktieren Sie uns<\/h2>\t\t\t<div class=\"textwidget\"><p>Rufen Sie uns an, schreiben Sie uns eine E-Mail oder kommen Sie f\u00fcr ein unverbindliches Gespr\u00e4ch vorbei.<\/p>\n<\/div>\n\t\t<\/aside><aside id=\"forminator_widget-5\" class=\"widget-even widget-last widget-6 widget inner-padding widget_forminator_widget\"><form id=\"forminator-module-10217\" class=\"forminator-custom-form forminator-custom-form-10217\" method=\"post\" data-forminator-render=\"0\" data-uid=\"69e4bbdf6f693\"><div role=\"alert\" aria-live=\"polite\" class=\"forminator-response-message forminator-error\" aria-hidden=\"true\"><\/div><\/form><\/aside>\t\t\t\t<\/div>\n\t\t\t\t<\/div>\n\t\t\t\t<\/div>\n\t\t\t\t\t<\/div>\n\t\t\t\t<\/div>\n\t\t<div class=\"elementor-element elementor-element-581fe54e light e-flex e-con-boxed e-con e-parent\" data-id=\"581fe54e\" data-element_type=\"container\">\n\t\t\t\t\t<div class=\"e-con-inner\">\n\t\t\t\t<div class=\"elementor-element elementor-element-11f6898a elementor-widget elementor-widget-gallery\" data-id=\"11f6898a\" data-element_type=\"widget\" data-settings=\"{&quot;aspect_ratio&quot;:&quot;4:3&quot;,&quot;lazyload&quot;:&quot;yes&quot;,&quot;gallery_layout&quot;:&quot;grid&quot;,&quot;columns&quot;:4,&quot;columns_tablet&quot;:2,&quot;columns_mobile&quot;:1,&quot;gap&quot;:{&quot;unit&quot;:&quot;px&quot;,&quot;size&quot;:10,&quot;sizes&quot;:[]},&quot;gap_laptop&quot;:{&quot;unit&quot;:&quot;px&quot;,&quot;size&quot;:10,&quot;sizes&quot;:[]},&quot;gap_tablet&quot;:{&quot;unit&quot;:&quot;px&quot;,&quot;size&quot;:10,&quot;sizes&quot;:[]},&quot;gap_mobile&quot;:{&quot;unit&quot;:&quot;px&quot;,&quot;size&quot;:10,&quot;sizes&quot;:[]},&quot;link_to&quot;:&quot;file&quot;,&quot;overlay_background&quot;:&quot;yes&quot;,&quot;content_hover_animation&quot;:&quot;fade-in&quot;}\" data-widget_type=\"gallery.default\">\n\t\t\t\t<div class=\"elementor-widget-container\">\n\t\t\t\t\t\t\t<div class=\"elementor-gallery__container\">\n\t\t\t\t\t\t\t<a class=\"e-gallery-item elementor-gallery-item elementor-animated-content\" href=\"https:\/\/ayh.dk\/wp-content\/uploads\/2025\/01\/udendoers1.jpg\" data-elementor-open-lightbox=\"yes\" data-elementor-lightbox-slideshow=\"11f6898a\" data-e-action-hash=\"#elementor-action%3Aaction%3Dlightbox%26settings%3DeyJpZCI6OTg4OCwidXJsIjoiaHR0cHM6XC9cL2F5aC5ka1wvd3AtY29udGVudFwvdXBsb2Fkc1wvMjAyNVwvMDFcL3VkZW5kb2VyczEuanBnIiwic2xpZGVzaG93IjoiMTFmNjg5OGEifQ%3D%3D\" data-rel=\"-image-0\" data-rl_title=\"\" data-rl_caption=\"\" title=\"\">\n\t\t\t\t\t<div class=\"e-gallery-image elementor-gallery-item__image\" data-thumbnail=\"https:\/\/ayh.dk\/wp-content\/uploads\/2025\/01\/udendoers1.jpg\" data-width=\"265\" data-height=\"199\" aria-label=\"\" role=\"img\" ><\/div>\n\t\t\t\t\t\t\t\t\t\t\t<div class=\"elementor-gallery-item__overlay\"><\/div>\n\t\t\t\t\t\t\t\t\t\t\t\t\t\t<\/a>\n\t\t\t\t\t\t\t<a class=\"e-gallery-item elementor-gallery-item elementor-animated-content\" href=\"https:\/\/ayh.dk\/wp-content\/uploads\/2025\/01\/udendoers2.jpg\" data-elementor-open-lightbox=\"yes\" data-elementor-lightbox-slideshow=\"11f6898a\" data-e-action-hash=\"#elementor-action%3Aaction%3Dlightbox%26settings%3DeyJpZCI6OTg5MCwidXJsIjoiaHR0cHM6XC9cL2F5aC5ka1wvd3AtY29udGVudFwvdXBsb2Fkc1wvMjAyNVwvMDFcL3VkZW5kb2VyczIuanBnIiwic2xpZGVzaG93IjoiMTFmNjg5OGEifQ%3D%3D\" data-rel=\"-image-1\" data-rl_title=\"\" data-rl_caption=\"\" title=\"\">\n\t\t\t\t\t<div class=\"e-gallery-image elementor-gallery-item__image\" data-thumbnail=\"https:\/\/ayh.dk\/wp-content\/uploads\/2025\/01\/udendoers2.jpg\" data-width=\"265\" data-height=\"199\" aria-label=\"\" role=\"img\" ><\/div>\n\t\t\t\t\t\t\t\t\t\t\t<div class=\"elementor-gallery-item__overlay\"><\/div>\n\t\t\t\t\t\t\t\t\t\t\t\t\t\t<\/a>\n\t\t\t\t\t\t\t<a class=\"e-gallery-item elementor-gallery-item elementor-animated-content\" href=\"https:\/\/ayh.dk\/wp-content\/uploads\/2025\/01\/omos.jpg\" data-elementor-open-lightbox=\"yes\" data-elementor-lightbox-slideshow=\"11f6898a\" data-e-action-hash=\"#elementor-action%3Aaction%3Dlightbox%26settings%3DeyJpZCI6OTc1MywidXJsIjoiaHR0cHM6XC9cL2F5aC5ka1wvd3AtY29udGVudFwvdXBsb2Fkc1wvMjAyNVwvMDFcL29tb3MuanBnIiwic2xpZGVzaG93IjoiMTFmNjg5OGEifQ%3D%3D\" data-rel=\"-image-2\" data-rl_title=\"\" data-rl_caption=\"\" title=\"\">\n\t\t\t\t\t<div class=\"e-gallery-image elementor-gallery-item__image\" data-thumbnail=\"https:\/\/ayh.dk\/wp-content\/uploads\/2025\/01\/omos-500x500.jpg\" data-width=\"500\" data-height=\"500\" aria-label=\"\" role=\"img\" ><\/div>\n\t\t\t\t\t\t\t\t\t\t\t<div class=\"elementor-gallery-item__overlay\"><\/div>\n\t\t\t\t\t\t\t\t\t\t\t\t\t\t<\/a>\n\t\t\t\t\t\t\t<a class=\"e-gallery-item elementor-gallery-item elementor-animated-content\" href=\"https:\/\/ayh.dk\/wp-content\/uploads\/2025\/01\/augustslide2.jpg\" data-elementor-open-lightbox=\"yes\" data-elementor-lightbox-slideshow=\"11f6898a\" data-e-action-hash=\"#elementor-action%3Aaction%3Dlightbox%26settings%3DeyJpZCI6OTcxOSwidXJsIjoiaHR0cHM6XC9cL2F5aC5ka1wvd3AtY29udGVudFwvdXBsb2Fkc1wvMjAyNVwvMDFcL2F1Z3VzdHNsaWRlMi5qcGciLCJzbGlkZXNob3ciOiIxMWY2ODk4YSJ9\" data-rel=\"-image-3\" data-rl_title=\"\" data-rl_caption=\"\" title=\"\">\n\t\t\t\t\t<div class=\"e-gallery-image elementor-gallery-item__image\" data-thumbnail=\"https:\/\/ayh.dk\/wp-content\/uploads\/2025\/01\/augustslide2-500x212.jpg\" data-width=\"500\" data-height=\"212\" aria-label=\"\" role=\"img\" ><\/div>\n\t\t\t\t\t\t\t\t\t\t\t<div class=\"elementor-gallery-item__overlay\"><\/div>\n\t\t\t\t\t\t\t\t\t\t\t\t\t\t<\/a>\n\t\t\t\t\t<\/div>\n\t\t\t\t\t<\/div>\n\t\t\t\t<\/div>\n\t\t\t\t\t<\/div>\n\t\t\t\t<\/div>\n\t\t<div class=\"elementor-element elementor-element-52e1b9b7 e-con-full no-padding e-flex e-con e-parent\" data-id=\"52e1b9b7\" data-element_type=\"container\">\n\t\t\t\t<div class=\"elementor-element elementor-element-49eeee02 elementor-widget elementor-widget-template\" data-id=\"49eeee02\" data-element_type=\"widget\" data-widget_type=\"template.default\">\n\t\t\t\t<div class=\"elementor-widget-container\">\n\t\t\t\t\t\t\t<div class=\"elementor-template\">\n\t\t\t\t\t<div data-elementor-type=\"container\" data-elementor-id=\"9450\" class=\"elementor elementor-9450\" data-elementor-post-type=\"elementor_library\">\n\t\t\t\t<div class=\"elementor-element elementor-element-182142bd e-con-full no-padding e-flex e-con e-parent\" data-id=\"182142bd\" data-element_type=\"container\">\n\t\t\t\t<div class=\"elementor-element elementor-element-213c1b05 elementor-widget elementor-widget-template\" data-id=\"213c1b05\" data-element_type=\"widget\" data-widget_type=\"template.default\">\n\t\t\t\t<div class=\"elementor-widget-container\">\n\t\t\t\t\t\t\t<div class=\"elementor-template\">\n\t\t\t\t\t<div data-elementor-type=\"container\" data-elementor-id=\"10241\" class=\"elementor elementor-10241 elementor-5344\" data-elementor-post-type=\"elementor_library\">\n\t\t\t\t<div class=\"elementor-element elementor-element-3f00bfd6 overlay white e-flex e-con-boxed e-con e-parent\" data-id=\"3f00bfd6\" data-element_type=\"container\" data-settings=\"{&quot;background_background&quot;:&quot;classic&quot;}\">\n\t\t\t\t\t<div class=\"e-con-inner\">\n\t\t<div class=\"elementor-element elementor-element-ab71f0d e-con-full e-flex e-con e-child\" data-id=\"ab71f0d\" data-element_type=\"container\">\n\t\t\t\t<div class=\"elementor-element elementor-element-1d60337c elementor-widget elementor-widget-text-editor\" data-id=\"1d60337c\" data-element_type=\"widget\" data-widget_type=\"text-editor.default\">\n\t\t\t\t<div class=\"elementor-widget-container\">\n\t\t\t\t\t\t\t\t\t<h3>Nehmen Sie Kontakt auf<br \/>\nund erhalten Sie ein unverbindliches Angebot<\/h3>\n\t\t\t\t\t\t\t\t<\/div>\n\t\t\t\t<\/div>\n\t\t\t\t<\/div>\n\t\t<div class=\"elementor-element elementor-element-343f045 e-con-full e-flex e-con e-child\" data-id=\"343f045\" data-element_type=\"container\">\n\t\t\t\t<div class=\"elementor-element elementor-element-4002ec7d elementor-widget elementor-widget-shortcode\" data-id=\"4002ec7d\" data-element_type=\"widget\" data-widget_type=\"shortcode.default\">\n\t\t\t\t<div class=\"elementor-widget-container\">\n\t\t\t\t\t\t\t<div class=\"elementor-shortcode\"><form id=\"forminator-module-10217\" class=\"forminator-custom-form forminator-custom-form-10217\" method=\"post\" data-forminator-render=\"1\" data-uid=\"69e4bbdf75e84\"><div role=\"alert\" aria-live=\"polite\" class=\"forminator-response-message forminator-error\" aria-hidden=\"true\"><\/div><\/form><\/div>\n\t\t\t\t\t\t<\/div>\n\t\t\t\t<\/div>\n\t\t\t\t<\/div>\n\t\t\t\t\t<\/div>\n\t\t\t\t<\/div>\n\t\t\t\t<\/div>\n\t\t\t\t<\/div>\n\t\t\t\t\t\t<\/div>\n\t\t\t\t<\/div>\n\t\t\t\t<\/div>\n\t\t\t\t<\/div>\n\t\t\t\t<\/div>\n\t\t\t\t\t\t<\/div>\n\t\t\t\t<\/div>\n\t\t\t\t<\/div>\n\t\t\t\t<\/div>\n\t\t","protected":false},"excerpt":{"rendered":"<p>Winterlagerung im Freien \u2013 Flexibel und g\u00fcnstig Wir k\u00f6nnen Ihnen auch Aussenlager anbieten, hier gibt es jedoch Vorteile, aber auch Nachteile. Bei dem Aussenlager k\u00f6nnen Sie selber entscheiden wann Sie ins Wasser wollen. Bei dem Hallenlager h\u00e4ngt es nat\u00fcrlich davon ab wo Ihr Schiff in den Hallen eingelagert ist. Sie sind bei dem Fr\u00fchjahrsarbeiten abh\u00e4ngig &#8230; <a title=\"Aussenlager Stellplatz\" class=\"read-more\" href=\"https:\/\/ayh.dk\/de\/winterlager\/aussenlager-stellplatz\/\" aria-label=\"Mehr Informationen \u00fcber Aussenlager Stellplatz\">Weiterlesen &#8230;<\/a><\/p>\n","protected":false},"author":5,"featured_media":0,"parent":10201,"menu_order":1014,"comment_status":"closed","ping_status":"closed","template":"","meta":{"_acf_changed":false,"footnotes":""},"categories":[],"class_list":["post-10207","page","type-page","status-publish"],"acf":[],"yoast_head":"<!-- This site is optimized with the Yoast SEO plugin v26.8 - https:\/\/yoast.com\/product\/yoast-seo-wordpress\/ -->\n<title>Aussenlager Stellplatz | Augustenborg Yachthavn I\/S<\/title>\n<meta name=\"robots\" content=\"index, follow, max-snippet:-1, max-image-preview:large, max-video-preview:-1\" \/>\n<link rel=\"canonical\" href=\"https:\/\/ayh.dk\/de\/winterlager\/aussenlager-stellplatz\/\" \/>\n<meta property=\"og:locale\" content=\"de_DE\" \/>\n<meta property=\"og:type\" content=\"article\" \/>\n<meta property=\"og:title\" content=\"Aussenlager Stellplatz | Augustenborg Yachthavn I\/S\" \/>\n<meta property=\"og:description\" content=\"Winterlagerung im Freien \u2013 Flexibel und g\u00fcnstig Wir k\u00f6nnen Ihnen auch Aussenlager anbieten, hier gibt es jedoch Vorteile, aber auch Nachteile. Bei dem Aussenlager k\u00f6nnen Sie selber entscheiden wann Sie ins Wasser wollen. Bei dem Hallenlager h\u00e4ngt es nat\u00fcrlich davon ab wo Ihr Schiff in den Hallen eingelagert ist. Sie sind bei dem Fr\u00fchjahrsarbeiten abh\u00e4ngig ... Weiterlesen ...\" \/>\n<meta property=\"og:url\" content=\"https:\/\/ayh.dk\/de\/winterlager\/aussenlager-stellplatz\/\" \/>\n<meta property=\"og:site_name\" content=\"Augustenborg Yachthavn I\/S\" \/>\n<meta property=\"article:modified_time\" content=\"2025-02-21T13:26:39+00:00\" \/>\n<meta name=\"twitter:card\" content=\"summary_large_image\" \/>\n<meta name=\"twitter:label1\" content=\"Gesch\u00e4tzte Lesezeit\" \/>\n\t<meta name=\"twitter:data1\" content=\"2\u00a0Minuten\" \/>\n<script type=\"application\/ld+json\" class=\"yoast-schema-graph\">{\"@context\":\"https:\/\/schema.org\",\"@graph\":[{\"@type\":\"WebPage\",\"@id\":\"https:\/\/ayh.dk\/de\/winterlager\/aussenlager-stellplatz\/\",\"url\":\"https:\/\/ayh.dk\/de\/winterlager\/aussenlager-stellplatz\/\",\"name\":\"Aussenlager Stellplatz | Augustenborg Yachthavn I\/S\",\"isPartOf\":{\"@id\":\"https:\/\/ayh.dk\/de\/#website\"},\"datePublished\":\"2025-01-13T07:49:44+00:00\",\"dateModified\":\"2025-02-21T13:26:39+00:00\",\"breadcrumb\":{\"@id\":\"https:\/\/ayh.dk\/de\/winterlager\/aussenlager-stellplatz\/#breadcrumb\"},\"inLanguage\":\"de\",\"potentialAction\":[{\"@type\":\"ReadAction\",\"target\":[\"https:\/\/ayh.dk\/de\/winterlager\/aussenlager-stellplatz\/\"]}]},{\"@type\":\"BreadcrumbList\",\"@id\":\"https:\/\/ayh.dk\/de\/winterlager\/aussenlager-stellplatz\/#breadcrumb\",\"itemListElement\":[{\"@type\":\"ListItem\",\"position\":1,\"name\":\"Forside\",\"item\":\"https:\/\/ayh.dk\/de\/\"},{\"@type\":\"ListItem\",\"position\":2,\"name\":\"Winterlager\",\"item\":\"https:\/\/ayh.dk\/de\/vinter-opbevaring\/\"},{\"@type\":\"ListItem\",\"position\":3,\"name\":\"Aussenlager Stellplatz\"}]},{\"@type\":\"WebSite\",\"@id\":\"https:\/\/ayh.dk\/de\/#website\",\"url\":\"https:\/\/ayh.dk\/de\/\",\"name\":\"Augustenborg Yachthavn I\/S\",\"description\":\"Idylle, Ruhe, Erhohlung und Entspannung\",\"publisher\":{\"@id\":\"https:\/\/ayh.dk\/de\/#organization\"},\"potentialAction\":[{\"@type\":\"SearchAction\",\"target\":{\"@type\":\"EntryPoint\",\"urlTemplate\":\"https:\/\/ayh.dk\/de\/?s={search_term_string}\"},\"query-input\":{\"@type\":\"PropertyValueSpecification\",\"valueRequired\":true,\"valueName\":\"search_term_string\"}}],\"inLanguage\":\"de\"},{\"@type\":\"Organization\",\"@id\":\"https:\/\/ayh.dk\/de\/#organization\",\"name\":\"Augustenborg Yachthavn I\/S\",\"url\":\"https:\/\/ayh.dk\/de\/\",\"logo\":{\"@type\":\"ImageObject\",\"inLanguage\":\"de\",\"@id\":\"https:\/\/ayh.dk\/de\/#\/schema\/logo\/image\/\",\"url\":\"https:\/\/ayh.dk\/wp-content\/uploads\/2025\/01\/logo.png\",\"contentUrl\":\"https:\/\/ayh.dk\/wp-content\/uploads\/2025\/01\/logo.png\",\"width\":237,\"height\":50,\"caption\":\"Augustenborg Yachthavn I\/S\"},\"image\":{\"@id\":\"https:\/\/ayh.dk\/de\/#\/schema\/logo\/image\/\"}}]}<\/script>\n<!-- \/ Yoast SEO plugin. -->","yoast_head_json":{"title":"Aussenlager Stellplatz | Augustenborg Yachthavn I\/S","robots":{"index":"index","follow":"follow","max-snippet":"max-snippet:-1","max-image-preview":"max-image-preview:large","max-video-preview":"max-video-preview:-1"},"canonical":"https:\/\/ayh.dk\/de\/winterlager\/aussenlager-stellplatz\/","og_locale":"de_DE","og_type":"article","og_title":"Aussenlager Stellplatz | Augustenborg Yachthavn I\/S","og_description":"Winterlagerung im Freien \u2013 Flexibel und g\u00fcnstig Wir k\u00f6nnen Ihnen auch Aussenlager anbieten, hier gibt es jedoch Vorteile, aber auch Nachteile. Bei dem Aussenlager k\u00f6nnen Sie selber entscheiden wann Sie ins Wasser wollen. Bei dem Hallenlager h\u00e4ngt es nat\u00fcrlich davon ab wo Ihr Schiff in den Hallen eingelagert ist. Sie sind bei dem Fr\u00fchjahrsarbeiten abh\u00e4ngig ... Weiterlesen ...","og_url":"https:\/\/ayh.dk\/de\/winterlager\/aussenlager-stellplatz\/","og_site_name":"Augustenborg Yachthavn I\/S","article_modified_time":"2025-02-21T13:26:39+00:00","twitter_card":"summary_large_image","twitter_misc":{"Gesch\u00e4tzte Lesezeit":"2\u00a0Minuten"},"schema":{"@context":"https:\/\/schema.org","@graph":[{"@type":"WebPage","@id":"https:\/\/ayh.dk\/de\/winterlager\/aussenlager-stellplatz\/","url":"https:\/\/ayh.dk\/de\/winterlager\/aussenlager-stellplatz\/","name":"Aussenlager Stellplatz | Augustenborg Yachthavn I\/S","isPartOf":{"@id":"https:\/\/ayh.dk\/de\/#website"},"datePublished":"2025-01-13T07:49:44+00:00","dateModified":"2025-02-21T13:26:39+00:00","breadcrumb":{"@id":"https:\/\/ayh.dk\/de\/winterlager\/aussenlager-stellplatz\/#breadcrumb"},"inLanguage":"de","potentialAction":[{"@type":"ReadAction","target":["https:\/\/ayh.dk\/de\/winterlager\/aussenlager-stellplatz\/"]}]},{"@type":"BreadcrumbList","@id":"https:\/\/ayh.dk\/de\/winterlager\/aussenlager-stellplatz\/#breadcrumb","itemListElement":[{"@type":"ListItem","position":1,"name":"Forside","item":"https:\/\/ayh.dk\/de\/"},{"@type":"ListItem","position":2,"name":"Winterlager","item":"https:\/\/ayh.dk\/de\/vinter-opbevaring\/"},{"@type":"ListItem","position":3,"name":"Aussenlager Stellplatz"}]},{"@type":"WebSite","@id":"https:\/\/ayh.dk\/de\/#website","url":"https:\/\/ayh.dk\/de\/","name":"Augustenborg Yachthavn I\/S","description":"Idylle, Ruhe, Erhohlung und Entspannung","publisher":{"@id":"https:\/\/ayh.dk\/de\/#organization"},"potentialAction":[{"@type":"SearchAction","target":{"@type":"EntryPoint","urlTemplate":"https:\/\/ayh.dk\/de\/?s={search_term_string}"},"query-input":{"@type":"PropertyValueSpecification","valueRequired":true,"valueName":"search_term_string"}}],"inLanguage":"de"},{"@type":"Organization","@id":"https:\/\/ayh.dk\/de\/#organization","name":"Augustenborg Yachthavn I\/S","url":"https:\/\/ayh.dk\/de\/","logo":{"@type":"ImageObject","inLanguage":"de","@id":"https:\/\/ayh.dk\/de\/#\/schema\/logo\/image\/","url":"https:\/\/ayh.dk\/wp-content\/uploads\/2025\/01\/logo.png","contentUrl":"https:\/\/ayh.dk\/wp-content\/uploads\/2025\/01\/logo.png","width":237,"height":50,"caption":"Augustenborg Yachthavn I\/S"},"image":{"@id":"https:\/\/ayh.dk\/de\/#\/schema\/logo\/image\/"}}]}},"_links":{"self":[{"href":"https:\/\/ayh.dk\/de\/wp-json\/wp\/v2\/pages\/10207","targetHints":{"allow":["GET"]}}],"collection":[{"href":"https:\/\/ayh.dk\/de\/wp-json\/wp\/v2\/pages"}],"about":[{"href":"https:\/\/ayh.dk\/de\/wp-json\/wp\/v2\/types\/page"}],"author":[{"embeddable":true,"href":"https:\/\/ayh.dk\/de\/wp-json\/wp\/v2\/users\/5"}],"replies":[{"embeddable":true,"href":"https:\/\/ayh.dk\/de\/wp-json\/wp\/v2\/comments?post=10207"}],"version-history":[{"count":1,"href":"https:\/\/ayh.dk\/de\/wp-json\/wp\/v2\/pages\/10207\/revisions"}],"predecessor-version":[{"id":10208,"href":"https:\/\/ayh.dk\/de\/wp-json\/wp\/v2\/pages\/10207\/revisions\/10208"}],"up":[{"embeddable":true,"href":"https:\/\/ayh.dk\/de\/wp-json\/wp\/v2\/pages\/10201"}],"wp:attachment":[{"href":"https:\/\/ayh.dk\/de\/wp-json\/wp\/v2\/media?parent=10207"}],"wp:term":[{"taxonomy":"category","embeddable":true,"href":"https:\/\/ayh.dk\/de\/wp-json\/wp\/v2\/categories?post=10207"}],"curies":[{"name":"wp","href":"https:\/\/api.w.org\/{rel}","templated":true}]}}