{"id":10205,"date":"2025-01-13T08:49:44","date_gmt":"2025-01-13T07:49:44","guid":{"rendered":"https:\/\/ayh.dk\/winterlager\/hallenlager\/"},"modified":"2025-02-21T14:26:04","modified_gmt":"2025-02-21T13:26:04","slug":"hallenlager","status":"publish","type":"page","link":"https:\/\/ayh.dk\/de\/winterlager\/hallenlager\/","title":{"rendered":"Hallenlager"},"content":{"rendered":"\t\t<div data-elementor-type=\"wp-page\" data-elementor-id=\"10205\" class=\"elementor elementor-10205 elementor-9406\" data-elementor-post-type=\"page\">\n\t\t\t\t<div class=\"elementor-element elementor-element-72b42af4 e-con-full no-padding e-flex e-con e-parent\" data-id=\"72b42af4\" data-element_type=\"container\">\n\t\t\t\t<div class=\"elementor-element elementor-element-1cc03b4e elementor-widget elementor-widget-template\" data-id=\"1cc03b4e\" data-element_type=\"widget\" data-widget_type=\"template.default\">\n\t\t\t\t<div class=\"elementor-widget-container\">\n\t\t\t\t\t\t\t<div class=\"elementor-template\">\n\t\t\t\t\t<div data-elementor-type=\"container\" data-elementor-id=\"6563\" class=\"elementor elementor-6563\" data-elementor-post-type=\"elementor_library\">\n\t\t\t\t<div class=\"elementor-element elementor-element-6b499f1f e-con-full no-padding e-flex e-con e-parent\" data-id=\"6b499f1f\" data-element_type=\"container\">\n\t\t\t\t<div class=\"elementor-element elementor-element-1ecbb66 elementor-widget elementor-widget-template\" data-id=\"1ecbb66\" data-element_type=\"widget\" data-widget_type=\"template.default\">\n\t\t\t\t<div class=\"elementor-widget-container\">\n\t\t\t\t\t\t\t<div class=\"elementor-template\">\n\t\t\t\t\t<div data-elementor-type=\"container\" data-elementor-id=\"10233\" class=\"elementor elementor-10233 elementor-6576\" data-elementor-post-type=\"elementor_library\">\n\t\t\t\t<div class=\"elementor-element elementor-element-1df86564 overlay white e-flex e-con-boxed e-con e-parent\" data-id=\"1df86564\" data-element_type=\"container\" data-settings=\"{&quot;background_background&quot;:&quot;classic&quot;}\">\n\t\t\t\t\t<div class=\"e-con-inner\">\n\t\t\t\t<div class=\"elementor-element elementor-element-709eb40a elementor-widget__width-initial elementor-widget elementor-widget-text-editor\" data-id=\"709eb40a\" data-element_type=\"widget\" data-widget_type=\"text-editor.default\">\n\t\t\t\t<div class=\"elementor-widget-container\">\n\t\t\t\t\t\t\t\t\tHaben Sie fragen? Rufen Sie noch heute an.\t\t\t\t\t\t\t\t<\/div>\n\t\t\t\t<\/div>\n\t\t\t\t<div class=\"elementor-element elementor-element-c2b849f elementor-icon-list--layout-inline elementor-align-left elementor-widget__width-initial elementor-list-item-link-full_width elementor-widget elementor-widget-icon-list\" data-id=\"c2b849f\" data-element_type=\"widget\" data-widget_type=\"icon-list.default\">\n\t\t\t\t<div class=\"elementor-widget-container\">\n\t\t\t\t\t\t\t<ul class=\"elementor-icon-list-items elementor-inline-items\">\n\t\t\t\t\t\t\t<li class=\"elementor-icon-list-item elementor-inline-item\">\n\t\t\t\t\t\t\t\t\t\t<span class=\"elementor-icon-list-text\"><a href=\"tel:+45 74 47 15 62\" aria-label=\"Telefon nummer\">+45 74 47 15 62<\/a><\/span>\n\t\t\t\t\t\t\t\t\t<\/li>\n\t\t\t\t\t\t\t\t<li class=\"elementor-icon-list-item elementor-inline-item\">\n\t\t\t\t\t\t\t\t\t\t<span class=\"elementor-icon-list-text\"><a href=\"mailto:info@ayh.dk\" aria-label=\"Email adresse\">info@ayh.dk<\/a><\/span>\n\t\t\t\t\t\t\t\t\t<\/li>\n\t\t\t\t\t\t<\/ul>\n\t\t\t\t\t\t<\/div>\n\t\t\t\t<\/div>\n\t\t\t\t\t<\/div>\n\t\t\t\t<\/div>\n\t\t\t\t<\/div>\n\t\t\t\t<\/div>\n\t\t\t\t\t\t<\/div>\n\t\t\t\t<\/div>\n\t\t\t\t<\/div>\n\t\t\t\t<\/div>\n\t\t\t\t<\/div>\n\t\t\t\t\t\t<\/div>\n\t\t\t\t<\/div>\n\t\t\t\t<\/div>\n\t\t<div class=\"elementor-element elementor-element-5573af e-flex e-con-boxed e-con e-parent\" data-id=\"5573af\" data-element_type=\"container\">\n\t\t\t\t\t<div class=\"e-con-inner\">\n\t\t<div class=\"elementor-element elementor-element-442656db e-con-full e-flex e-con e-child\" data-id=\"442656db\" data-element_type=\"container\">\n\t\t\t\t<div class=\"elementor-element elementor-element-721bf522 elementor-widget elementor-widget-heading\" data-id=\"721bf522\" data-element_type=\"widget\" data-widget_type=\"heading.default\">\n\t\t\t\t<div class=\"elementor-widget-container\">\n\t\t\t\t\t<h2 class=\"elementor-heading-title elementor-size-default\">Hochmodernes Winterlager mit Rundum-Service<\/h2>\t\t\t\t<\/div>\n\t\t\t\t<\/div>\n\t\t\t\t<div class=\"elementor-element elementor-element-1f3810fb elementor-widget-divider--view-line elementor-widget elementor-widget-divider\" data-id=\"1f3810fb\" data-element_type=\"widget\" data-widget_type=\"divider.default\">\n\t\t\t\t<div class=\"elementor-widget-container\">\n\t\t\t\t\t\t\t<div class=\"elementor-divider\">\n\t\t\t<span class=\"elementor-divider-separator\">\n\t\t\t\t\t\t<\/span>\n\t\t<\/div>\n\t\t\t\t\t\t<\/div>\n\t\t\t\t<\/div>\n\t\t\t\t<\/div>\n\t\t<div class=\"elementor-element elementor-element-2d2ee529 e-con-full e-flex e-con e-child\" data-id=\"2d2ee529\" data-element_type=\"container\">\n\t\t\t\t<div class=\"elementor-element elementor-element-5891dee3 elementor-widget elementor-widget-text-editor\" data-id=\"5891dee3\" data-element_type=\"widget\" data-widget_type=\"text-editor.default\">\n\t\t\t\t<div class=\"elementor-widget-container\">\n\t\t\t\t\t\t\t\t\t<p>Wir k\u00f6nnen Ihnen Hallenlager in 2 topmoderne Hallen anbieten.<\/p>\n<p>Insgesamt haben wir 3600 m\u00b2 Hallenfl\u00e4che zu Verf\u00fcgung. Die eine Halle, Baujahr 2001, hat eine einfahrtsh\u00f6he von 8 m und die andere 6,5 m.<br \/>\nZutritt zu den Hallen au\u00dferhalb der \u00d6ffnungszeiten ist nur m\u00f6glich mit einem Code. Dieses ist Ihre Garantie, dass Ihr Schiff bei uns sicher aufbewahrt ist.<\/p>\n<p>Die Winterlagerungsmiete betr\u00e4gt 38,02 EUR pro m\u00b2 zz. Mw. St. Die Lagerungsfl\u00e4che wird folgender ma\u00dfen berechnet (l.u.a. + 1 m x breite + 0,5 m).<\/p>\n<p>Dazu kommen noch zus\u00e4tzliche Kosten sowie Bockmiete, Ab-und Aufriggen, Auf- und Abslippen, Hochdruckspulen und Umweltkost-en. Diese Preise sind zug\u00e4nglich auf den unterliegenden Seiten.<br \/>\nIn diese Hallen werden auch die Masten aufbewahrt.<\/p>\n<p>Unsere Werft die beinah alle Bootsreparaturen ausf\u00fchren kann befindet sich ebenfalls in den Hallen. Sie k\u00f6nnen nat\u00fcrlich alle Reparaturen an Ihrem Schiff selber ausf\u00fchren oder uns die Arbeit \u00fcberlassen. Wir stehen gerne zu Verf\u00fcgung, wenn Sie einen Ratschlag brauchen weil Sie einfach nicht weiterkommen.<\/p>\n<p>Wenn Sie an einem unverbindliches Angebot interessiert sind, dann senden Sie uns einfach Ihre Daten und Sie empfangen innerhalb von ein paar Tagen ein Angebot.<\/p>\n\t\t\t\t\t\t\t\t<\/div>\n\t\t\t\t<\/div>\n\t\t\t\t<\/div>\n\t\t<div class=\"elementor-element elementor-element-5d4fab e-con-full e-flex e-con e-child\" data-id=\"5d4fab\" data-element_type=\"container\">\n\t\t\t\t<div class=\"elementor-element elementor-element-53a73196 dark elementor-widget elementor-widget-sidebar\" data-id=\"53a73196\" data-element_type=\"widget\" data-widget_type=\"sidebar.default\">\n\t\t\t\t<div class=\"elementor-widget-container\">\n\t\t\t\t\t<aside id=\"text-14\" class=\"widget-odd widget-5 widget inner-padding widget_text\"><h2 class=\"widget-title\">Kontaktieren Sie uns<\/h2>\t\t\t<div class=\"textwidget\"><p>Rufen Sie uns an, schreiben Sie uns eine E-Mail oder kommen Sie f\u00fcr ein unverbindliches Gespr\u00e4ch vorbei.<\/p>\n<\/div>\n\t\t<\/aside><aside id=\"forminator_widget-5\" class=\"widget-even widget-last widget-6 widget inner-padding widget_forminator_widget\"><form id=\"forminator-module-10217\" class=\"forminator-custom-form forminator-custom-form-10217\" method=\"post\" data-forminator-render=\"0\" data-uid=\"69e1126a70116\"><div role=\"alert\" aria-live=\"polite\" class=\"forminator-response-message forminator-error\" aria-hidden=\"true\"><\/div><\/form><\/aside>\t\t\t\t<\/div>\n\t\t\t\t<\/div>\n\t\t\t\t<\/div>\n\t\t\t\t\t<\/div>\n\t\t\t\t<\/div>\n\t\t<div class=\"elementor-element elementor-element-181de8aa light e-flex e-con-boxed e-con e-parent\" data-id=\"181de8aa\" data-element_type=\"container\">\n\t\t\t\t\t<div class=\"e-con-inner\">\n\t\t\t\t<div class=\"elementor-element elementor-element-72107fa5 elementor-widget elementor-widget-gallery\" data-id=\"72107fa5\" data-element_type=\"widget\" data-settings=\"{&quot;aspect_ratio&quot;:&quot;4:3&quot;,&quot;lazyload&quot;:&quot;yes&quot;,&quot;gallery_layout&quot;:&quot;grid&quot;,&quot;columns&quot;:4,&quot;columns_tablet&quot;:2,&quot;columns_mobile&quot;:1,&quot;gap&quot;:{&quot;unit&quot;:&quot;px&quot;,&quot;size&quot;:10,&quot;sizes&quot;:[]},&quot;gap_laptop&quot;:{&quot;unit&quot;:&quot;px&quot;,&quot;size&quot;:10,&quot;sizes&quot;:[]},&quot;gap_tablet&quot;:{&quot;unit&quot;:&quot;px&quot;,&quot;size&quot;:10,&quot;sizes&quot;:[]},&quot;gap_mobile&quot;:{&quot;unit&quot;:&quot;px&quot;,&quot;size&quot;:10,&quot;sizes&quot;:[]},&quot;link_to&quot;:&quot;file&quot;,&quot;overlay_background&quot;:&quot;yes&quot;,&quot;content_hover_animation&quot;:&quot;fade-in&quot;}\" data-widget_type=\"gallery.default\">\n\t\t\t\t<div class=\"elementor-widget-container\">\n\t\t\t\t\t\t\t<div class=\"elementor-gallery__container\">\n\t\t\t\t\t\t\t<a class=\"e-gallery-item elementor-gallery-item elementor-animated-content\" href=\"https:\/\/ayh.dk\/wp-content\/uploads\/2025\/01\/Billede-12_1.jpg\" data-elementor-open-lightbox=\"yes\" data-elementor-lightbox-slideshow=\"72107fa5\" data-e-action-hash=\"#elementor-action%3Aaction%3Dlightbox%26settings%3DeyJpZCI6OTg3OCwidXJsIjoiaHR0cHM6XC9cL2F5aC5ka1wvd3AtY29udGVudFwvdXBsb2Fkc1wvMjAyNVwvMDFcL0JpbGxlZGUtMTJfMS5qcGciLCJzbGlkZXNob3ciOiI3MjEwN2ZhNSJ9\" data-rel=\"-image-0\" data-rl_title=\"\" data-rl_caption=\"\" title=\"\">\n\t\t\t\t\t<div class=\"e-gallery-image elementor-gallery-item__image\" data-thumbnail=\"https:\/\/ayh.dk\/wp-content\/uploads\/2025\/01\/Billede-12_1-500x322.jpg\" data-width=\"500\" data-height=\"322\" aria-label=\"\" role=\"img\" ><\/div>\n\t\t\t\t\t\t\t\t\t\t\t<div class=\"elementor-gallery-item__overlay\"><\/div>\n\t\t\t\t\t\t\t\t\t\t\t\t\t\t<\/a>\n\t\t\t\t\t\t\t<a class=\"e-gallery-item elementor-gallery-item elementor-animated-content\" href=\"https:\/\/ayh.dk\/wp-content\/uploads\/2025\/01\/Billede-14_1.jpg\" data-elementor-open-lightbox=\"yes\" data-elementor-lightbox-slideshow=\"72107fa5\" data-e-action-hash=\"#elementor-action%3Aaction%3Dlightbox%26settings%3DeyJpZCI6OTg4MCwidXJsIjoiaHR0cHM6XC9cL2F5aC5ka1wvd3AtY29udGVudFwvdXBsb2Fkc1wvMjAyNVwvMDFcL0JpbGxlZGUtMTRfMS5qcGciLCJzbGlkZXNob3ciOiI3MjEwN2ZhNSJ9\" data-rel=\"-image-1\" data-rl_title=\"\" data-rl_caption=\"\" title=\"\">\n\t\t\t\t\t<div class=\"e-gallery-image elementor-gallery-item__image\" data-thumbnail=\"https:\/\/ayh.dk\/wp-content\/uploads\/2025\/01\/Billede-14_1-500x257.jpg\" data-width=\"500\" data-height=\"257\" aria-label=\"\" role=\"img\" ><\/div>\n\t\t\t\t\t\t\t\t\t\t\t<div class=\"elementor-gallery-item__overlay\"><\/div>\n\t\t\t\t\t\t\t\t\t\t\t\t\t\t<\/a>\n\t\t\t\t\t\t\t<a class=\"e-gallery-item elementor-gallery-item elementor-animated-content\" href=\"https:\/\/ayh.dk\/wp-content\/uploads\/2025\/01\/hal1.jpg\" data-elementor-open-lightbox=\"yes\" data-elementor-lightbox-slideshow=\"72107fa5\" data-e-action-hash=\"#elementor-action%3Aaction%3Dlightbox%26settings%3DeyJpZCI6OTg4MiwidXJsIjoiaHR0cHM6XC9cL2F5aC5ka1wvd3AtY29udGVudFwvdXBsb2Fkc1wvMjAyNVwvMDFcL2hhbDEuanBnIiwic2xpZGVzaG93IjoiNzIxMDdmYTUifQ%3D%3D\" data-rel=\"-image-2\" data-rl_title=\"\" data-rl_caption=\"\" title=\"\">\n\t\t\t\t\t<div class=\"e-gallery-image elementor-gallery-item__image\" data-thumbnail=\"https:\/\/ayh.dk\/wp-content\/uploads\/2025\/01\/hal1.jpg\" data-width=\"265\" data-height=\"199\" aria-label=\"\" role=\"img\" ><\/div>\n\t\t\t\t\t\t\t\t\t\t\t<div class=\"elementor-gallery-item__overlay\"><\/div>\n\t\t\t\t\t\t\t\t\t\t\t\t\t\t<\/a>\n\t\t\t\t\t\t\t<a class=\"e-gallery-item elementor-gallery-item elementor-animated-content\" href=\"https:\/\/ayh.dk\/wp-content\/uploads\/2025\/01\/hal2_0.jpg\" data-elementor-open-lightbox=\"yes\" data-elementor-lightbox-slideshow=\"72107fa5\" data-e-action-hash=\"#elementor-action%3Aaction%3Dlightbox%26settings%3DeyJpZCI6OTg4NCwidXJsIjoiaHR0cHM6XC9cL2F5aC5ka1wvd3AtY29udGVudFwvdXBsb2Fkc1wvMjAyNVwvMDFcL2hhbDJfMC5qcGciLCJzbGlkZXNob3ciOiI3MjEwN2ZhNSJ9\" data-rel=\"-image-3\" data-rl_title=\"\" data-rl_caption=\"\" title=\"\">\n\t\t\t\t\t<div class=\"e-gallery-image elementor-gallery-item__image\" data-thumbnail=\"https:\/\/ayh.dk\/wp-content\/uploads\/2025\/01\/hal2_0.jpg\" data-width=\"265\" data-height=\"199\" aria-label=\"\" role=\"img\" ><\/div>\n\t\t\t\t\t\t\t\t\t\t\t<div class=\"elementor-gallery-item__overlay\"><\/div>\n\t\t\t\t\t\t\t\t\t\t\t\t\t\t<\/a>\n\t\t\t\t\t\t\t<a class=\"e-gallery-item elementor-gallery-item elementor-animated-content\" href=\"https:\/\/ayh.dk\/wp-content\/uploads\/2025\/01\/hal3.jpg\" data-elementor-open-lightbox=\"yes\" data-elementor-lightbox-slideshow=\"72107fa5\" data-e-action-hash=\"#elementor-action%3Aaction%3Dlightbox%26settings%3DeyJpZCI6OTg4NiwidXJsIjoiaHR0cHM6XC9cL2F5aC5ka1wvd3AtY29udGVudFwvdXBsb2Fkc1wvMjAyNVwvMDFcL2hhbDMuanBnIiwic2xpZGVzaG93IjoiNzIxMDdmYTUifQ%3D%3D\" data-rel=\"-image-4\" data-rl_title=\"\" data-rl_caption=\"\" title=\"\">\n\t\t\t\t\t<div class=\"e-gallery-image elementor-gallery-item__image\" data-thumbnail=\"https:\/\/ayh.dk\/wp-content\/uploads\/2025\/01\/hal3.jpg\" data-width=\"265\" data-height=\"199\" aria-label=\"\" role=\"img\" ><\/div>\n\t\t\t\t\t\t\t\t\t\t\t<div class=\"elementor-gallery-item__overlay\"><\/div>\n\t\t\t\t\t\t\t\t\t\t\t\t\t\t<\/a>\n\t\t\t\t\t<\/div>\n\t\t\t\t\t<\/div>\n\t\t\t\t<\/div>\n\t\t\t\t\t<\/div>\n\t\t\t\t<\/div>\n\t\t<div class=\"elementor-element elementor-element-6d0e6b65 e-con-full no-padding e-flex e-con e-parent\" data-id=\"6d0e6b65\" data-element_type=\"container\">\n\t\t\t\t<div class=\"elementor-element elementor-element-128bada7 elementor-widget elementor-widget-template\" data-id=\"128bada7\" data-element_type=\"widget\" data-widget_type=\"template.default\">\n\t\t\t\t<div class=\"elementor-widget-container\">\n\t\t\t\t\t\t\t<div class=\"elementor-template\">\n\t\t\t\t\t<div data-elementor-type=\"container\" data-elementor-id=\"9450\" class=\"elementor elementor-9450\" data-elementor-post-type=\"elementor_library\">\n\t\t\t\t<div class=\"elementor-element elementor-element-182142bd e-con-full no-padding e-flex e-con e-parent\" data-id=\"182142bd\" data-element_type=\"container\">\n\t\t\t\t<div class=\"elementor-element elementor-element-213c1b05 elementor-widget elementor-widget-template\" data-id=\"213c1b05\" data-element_type=\"widget\" data-widget_type=\"template.default\">\n\t\t\t\t<div class=\"elementor-widget-container\">\n\t\t\t\t\t\t\t<div class=\"elementor-template\">\n\t\t\t\t\t<div data-elementor-type=\"container\" data-elementor-id=\"10241\" class=\"elementor elementor-10241 elementor-5344\" data-elementor-post-type=\"elementor_library\">\n\t\t\t\t<div class=\"elementor-element elementor-element-3f00bfd6 overlay white e-flex e-con-boxed e-con e-parent\" data-id=\"3f00bfd6\" data-element_type=\"container\" data-settings=\"{&quot;background_background&quot;:&quot;classic&quot;}\">\n\t\t\t\t\t<div class=\"e-con-inner\">\n\t\t<div class=\"elementor-element elementor-element-ab71f0d e-con-full e-flex e-con e-child\" data-id=\"ab71f0d\" data-element_type=\"container\">\n\t\t\t\t<div class=\"elementor-element elementor-element-1d60337c elementor-widget elementor-widget-text-editor\" data-id=\"1d60337c\" data-element_type=\"widget\" data-widget_type=\"text-editor.default\">\n\t\t\t\t<div class=\"elementor-widget-container\">\n\t\t\t\t\t\t\t\t\t<h3>Nehmen Sie Kontakt auf<br \/>\nund erhalten Sie ein unverbindliches Angebot<\/h3>\n\t\t\t\t\t\t\t\t<\/div>\n\t\t\t\t<\/div>\n\t\t\t\t<\/div>\n\t\t<div class=\"elementor-element elementor-element-343f045 e-con-full e-flex e-con e-child\" data-id=\"343f045\" data-element_type=\"container\">\n\t\t\t\t<div class=\"elementor-element elementor-element-4002ec7d elementor-widget elementor-widget-shortcode\" data-id=\"4002ec7d\" data-element_type=\"widget\" data-widget_type=\"shortcode.default\">\n\t\t\t\t<div class=\"elementor-widget-container\">\n\t\t\t\t\t\t\t<div class=\"elementor-shortcode\"><form id=\"forminator-module-10217\" class=\"forminator-custom-form forminator-custom-form-10217\" method=\"post\" data-forminator-render=\"1\" data-uid=\"69e1126a78333\"><div role=\"alert\" aria-live=\"polite\" class=\"forminator-response-message forminator-error\" aria-hidden=\"true\"><\/div><\/form><\/div>\n\t\t\t\t\t\t<\/div>\n\t\t\t\t<\/div>\n\t\t\t\t<\/div>\n\t\t\t\t\t<\/div>\n\t\t\t\t<\/div>\n\t\t\t\t<\/div>\n\t\t\t\t<\/div>\n\t\t\t\t\t\t<\/div>\n\t\t\t\t<\/div>\n\t\t\t\t<\/div>\n\t\t\t\t<\/div>\n\t\t\t\t<\/div>\n\t\t\t\t\t\t<\/div>\n\t\t\t\t<\/div>\n\t\t\t\t<\/div>\n\t\t\t\t<\/div>\n\t\t","protected":false},"excerpt":{"rendered":"<p>Hochmodernes Winterlager mit Rundum-Service Wir k\u00f6nnen Ihnen Hallenlager in 2 topmoderne Hallen anbieten. Insgesamt haben wir 3600 m\u00b2 Hallenfl\u00e4che zu Verf\u00fcgung. Die eine Halle, Baujahr 2001, hat eine einfahrtsh\u00f6he von 8 m und die andere 6,5 m. Zutritt zu den Hallen au\u00dferhalb der \u00d6ffnungszeiten ist nur m\u00f6glich mit einem Code. Dieses ist Ihre Garantie, dass &#8230; <a title=\"Hallenlager\" class=\"read-more\" href=\"https:\/\/ayh.dk\/de\/winterlager\/hallenlager\/\" aria-label=\"Mehr Informationen \u00fcber Hallenlager\">Weiterlesen &#8230;<\/a><\/p>\n","protected":false},"author":5,"featured_media":0,"parent":10201,"menu_order":1013,"comment_status":"closed","ping_status":"closed","template":"","meta":{"_acf_changed":false,"footnotes":""},"categories":[],"class_list":["post-10205","page","type-page","status-publish"],"acf":[],"yoast_head":"<!-- This site is optimized with the Yoast SEO plugin v26.8 - https:\/\/yoast.com\/product\/yoast-seo-wordpress\/ -->\n<title>Hallenlager | Augustenborg Yachthavn I\/S<\/title>\n<meta name=\"robots\" content=\"index, follow, max-snippet:-1, max-image-preview:large, max-video-preview:-1\" \/>\n<link rel=\"canonical\" href=\"https:\/\/ayh.dk\/de\/winterlager\/hallenlager\/\" \/>\n<meta property=\"og:locale\" content=\"de_DE\" \/>\n<meta property=\"og:type\" content=\"article\" \/>\n<meta property=\"og:title\" content=\"Hallenlager | Augustenborg Yachthavn I\/S\" \/>\n<meta property=\"og:description\" content=\"Hochmodernes Winterlager mit Rundum-Service Wir k\u00f6nnen Ihnen Hallenlager in 2 topmoderne Hallen anbieten. Insgesamt haben wir 3600 m\u00b2 Hallenfl\u00e4che zu Verf\u00fcgung. Die eine Halle, Baujahr 2001, hat eine einfahrtsh\u00f6he von 8 m und die andere 6,5 m. Zutritt zu den Hallen au\u00dferhalb der \u00d6ffnungszeiten ist nur m\u00f6glich mit einem Code. Dieses ist Ihre Garantie, dass ... Weiterlesen ...\" \/>\n<meta property=\"og:url\" content=\"https:\/\/ayh.dk\/de\/winterlager\/hallenlager\/\" \/>\n<meta property=\"og:site_name\" content=\"Augustenborg Yachthavn I\/S\" \/>\n<meta property=\"article:modified_time\" content=\"2025-02-21T13:26:04+00:00\" \/>\n<meta name=\"twitter:card\" content=\"summary_large_image\" \/>\n<meta name=\"twitter:label1\" content=\"Gesch\u00e4tzte Lesezeit\" \/>\n\t<meta name=\"twitter:data1\" content=\"1\u00a0Minute\" \/>\n<script type=\"application\/ld+json\" class=\"yoast-schema-graph\">{\"@context\":\"https:\/\/schema.org\",\"@graph\":[{\"@type\":\"WebPage\",\"@id\":\"https:\/\/ayh.dk\/de\/winterlager\/hallenlager\/\",\"url\":\"https:\/\/ayh.dk\/de\/winterlager\/hallenlager\/\",\"name\":\"Hallenlager | Augustenborg Yachthavn I\/S\",\"isPartOf\":{\"@id\":\"https:\/\/ayh.dk\/de\/#website\"},\"datePublished\":\"2025-01-13T07:49:44+00:00\",\"dateModified\":\"2025-02-21T13:26:04+00:00\",\"breadcrumb\":{\"@id\":\"https:\/\/ayh.dk\/de\/winterlager\/hallenlager\/#breadcrumb\"},\"inLanguage\":\"de\",\"potentialAction\":[{\"@type\":\"ReadAction\",\"target\":[\"https:\/\/ayh.dk\/de\/winterlager\/hallenlager\/\"]}]},{\"@type\":\"BreadcrumbList\",\"@id\":\"https:\/\/ayh.dk\/de\/winterlager\/hallenlager\/#breadcrumb\",\"itemListElement\":[{\"@type\":\"ListItem\",\"position\":1,\"name\":\"Forside\",\"item\":\"https:\/\/ayh.dk\/de\/\"},{\"@type\":\"ListItem\",\"position\":2,\"name\":\"Winterlager\",\"item\":\"https:\/\/ayh.dk\/de\/vinter-opbevaring\/\"},{\"@type\":\"ListItem\",\"position\":3,\"name\":\"Hallenlager\"}]},{\"@type\":\"WebSite\",\"@id\":\"https:\/\/ayh.dk\/de\/#website\",\"url\":\"https:\/\/ayh.dk\/de\/\",\"name\":\"Augustenborg Yachthavn I\/S\",\"description\":\"Idylle, Ruhe, Erhohlung und Entspannung\",\"publisher\":{\"@id\":\"https:\/\/ayh.dk\/de\/#organization\"},\"potentialAction\":[{\"@type\":\"SearchAction\",\"target\":{\"@type\":\"EntryPoint\",\"urlTemplate\":\"https:\/\/ayh.dk\/de\/?s={search_term_string}\"},\"query-input\":{\"@type\":\"PropertyValueSpecification\",\"valueRequired\":true,\"valueName\":\"search_term_string\"}}],\"inLanguage\":\"de\"},{\"@type\":\"Organization\",\"@id\":\"https:\/\/ayh.dk\/de\/#organization\",\"name\":\"Augustenborg Yachthavn I\/S\",\"url\":\"https:\/\/ayh.dk\/de\/\",\"logo\":{\"@type\":\"ImageObject\",\"inLanguage\":\"de\",\"@id\":\"https:\/\/ayh.dk\/de\/#\/schema\/logo\/image\/\",\"url\":\"https:\/\/ayh.dk\/wp-content\/uploads\/2025\/01\/logo.png\",\"contentUrl\":\"https:\/\/ayh.dk\/wp-content\/uploads\/2025\/01\/logo.png\",\"width\":237,\"height\":50,\"caption\":\"Augustenborg Yachthavn I\/S\"},\"image\":{\"@id\":\"https:\/\/ayh.dk\/de\/#\/schema\/logo\/image\/\"}}]}<\/script>\n<!-- \/ Yoast SEO plugin. -->","yoast_head_json":{"title":"Hallenlager | Augustenborg Yachthavn I\/S","robots":{"index":"index","follow":"follow","max-snippet":"max-snippet:-1","max-image-preview":"max-image-preview:large","max-video-preview":"max-video-preview:-1"},"canonical":"https:\/\/ayh.dk\/de\/winterlager\/hallenlager\/","og_locale":"de_DE","og_type":"article","og_title":"Hallenlager | Augustenborg Yachthavn I\/S","og_description":"Hochmodernes Winterlager mit Rundum-Service Wir k\u00f6nnen Ihnen Hallenlager in 2 topmoderne Hallen anbieten. Insgesamt haben wir 3600 m\u00b2 Hallenfl\u00e4che zu Verf\u00fcgung. Die eine Halle, Baujahr 2001, hat eine einfahrtsh\u00f6he von 8 m und die andere 6,5 m. Zutritt zu den Hallen au\u00dferhalb der \u00d6ffnungszeiten ist nur m\u00f6glich mit einem Code. Dieses ist Ihre Garantie, dass ... Weiterlesen ...","og_url":"https:\/\/ayh.dk\/de\/winterlager\/hallenlager\/","og_site_name":"Augustenborg Yachthavn I\/S","article_modified_time":"2025-02-21T13:26:04+00:00","twitter_card":"summary_large_image","twitter_misc":{"Gesch\u00e4tzte Lesezeit":"1\u00a0Minute"},"schema":{"@context":"https:\/\/schema.org","@graph":[{"@type":"WebPage","@id":"https:\/\/ayh.dk\/de\/winterlager\/hallenlager\/","url":"https:\/\/ayh.dk\/de\/winterlager\/hallenlager\/","name":"Hallenlager | Augustenborg Yachthavn I\/S","isPartOf":{"@id":"https:\/\/ayh.dk\/de\/#website"},"datePublished":"2025-01-13T07:49:44+00:00","dateModified":"2025-02-21T13:26:04+00:00","breadcrumb":{"@id":"https:\/\/ayh.dk\/de\/winterlager\/hallenlager\/#breadcrumb"},"inLanguage":"de","potentialAction":[{"@type":"ReadAction","target":["https:\/\/ayh.dk\/de\/winterlager\/hallenlager\/"]}]},{"@type":"BreadcrumbList","@id":"https:\/\/ayh.dk\/de\/winterlager\/hallenlager\/#breadcrumb","itemListElement":[{"@type":"ListItem","position":1,"name":"Forside","item":"https:\/\/ayh.dk\/de\/"},{"@type":"ListItem","position":2,"name":"Winterlager","item":"https:\/\/ayh.dk\/de\/vinter-opbevaring\/"},{"@type":"ListItem","position":3,"name":"Hallenlager"}]},{"@type":"WebSite","@id":"https:\/\/ayh.dk\/de\/#website","url":"https:\/\/ayh.dk\/de\/","name":"Augustenborg Yachthavn I\/S","description":"Idylle, Ruhe, Erhohlung und Entspannung","publisher":{"@id":"https:\/\/ayh.dk\/de\/#organization"},"potentialAction":[{"@type":"SearchAction","target":{"@type":"EntryPoint","urlTemplate":"https:\/\/ayh.dk\/de\/?s={search_term_string}"},"query-input":{"@type":"PropertyValueSpecification","valueRequired":true,"valueName":"search_term_string"}}],"inLanguage":"de"},{"@type":"Organization","@id":"https:\/\/ayh.dk\/de\/#organization","name":"Augustenborg Yachthavn I\/S","url":"https:\/\/ayh.dk\/de\/","logo":{"@type":"ImageObject","inLanguage":"de","@id":"https:\/\/ayh.dk\/de\/#\/schema\/logo\/image\/","url":"https:\/\/ayh.dk\/wp-content\/uploads\/2025\/01\/logo.png","contentUrl":"https:\/\/ayh.dk\/wp-content\/uploads\/2025\/01\/logo.png","width":237,"height":50,"caption":"Augustenborg Yachthavn I\/S"},"image":{"@id":"https:\/\/ayh.dk\/de\/#\/schema\/logo\/image\/"}}]}},"_links":{"self":[{"href":"https:\/\/ayh.dk\/de\/wp-json\/wp\/v2\/pages\/10205","targetHints":{"allow":["GET"]}}],"collection":[{"href":"https:\/\/ayh.dk\/de\/wp-json\/wp\/v2\/pages"}],"about":[{"href":"https:\/\/ayh.dk\/de\/wp-json\/wp\/v2\/types\/page"}],"author":[{"embeddable":true,"href":"https:\/\/ayh.dk\/de\/wp-json\/wp\/v2\/users\/5"}],"replies":[{"embeddable":true,"href":"https:\/\/ayh.dk\/de\/wp-json\/wp\/v2\/comments?post=10205"}],"version-history":[{"count":1,"href":"https:\/\/ayh.dk\/de\/wp-json\/wp\/v2\/pages\/10205\/revisions"}],"predecessor-version":[{"id":10206,"href":"https:\/\/ayh.dk\/de\/wp-json\/wp\/v2\/pages\/10205\/revisions\/10206"}],"up":[{"embeddable":true,"href":"https:\/\/ayh.dk\/de\/wp-json\/wp\/v2\/pages\/10201"}],"wp:attachment":[{"href":"https:\/\/ayh.dk\/de\/wp-json\/wp\/v2\/media?parent=10205"}],"wp:term":[{"taxonomy":"category","embeddable":true,"href":"https:\/\/ayh.dk\/de\/wp-json\/wp\/v2\/categories?post=10205"}],"curies":[{"name":"wp","href":"https:\/\/api.w.org\/{rel}","templated":true}]}}