{"id":10203,"date":"2025-01-13T08:49:44","date_gmt":"2025-01-13T07:49:44","guid":{"rendered":"https:\/\/ayh.dk\/winterlager\/beheizte-halle\/"},"modified":"2025-02-21T14:25:16","modified_gmt":"2025-02-21T13:25:16","slug":"beheizte-halle","status":"publish","type":"page","link":"https:\/\/ayh.dk\/de\/winterlager\/beheizte-halle\/","title":{"rendered":"Beheizte Halle"},"content":{"rendered":"\t\t<div data-elementor-type=\"wp-page\" data-elementor-id=\"10203\" class=\"elementor elementor-10203 elementor-9405\" data-elementor-post-type=\"page\">\n\t\t\t\t<div class=\"elementor-element elementor-element-22d908b9 e-con-full no-padding e-flex e-con e-parent\" data-id=\"22d908b9\" data-element_type=\"container\">\n\t\t\t\t<div class=\"elementor-element elementor-element-7093675 elementor-widget elementor-widget-template\" data-id=\"7093675\" data-element_type=\"widget\" data-widget_type=\"template.default\">\n\t\t\t\t<div class=\"elementor-widget-container\">\n\t\t\t\t\t\t\t<div class=\"elementor-template\">\n\t\t\t\t\t<div data-elementor-type=\"container\" data-elementor-id=\"6563\" class=\"elementor elementor-6563\" data-elementor-post-type=\"elementor_library\">\n\t\t\t\t<div class=\"elementor-element elementor-element-6b499f1f e-con-full no-padding e-flex e-con e-parent\" data-id=\"6b499f1f\" data-element_type=\"container\">\n\t\t\t\t<div class=\"elementor-element elementor-element-1ecbb66 elementor-widget elementor-widget-template\" data-id=\"1ecbb66\" data-element_type=\"widget\" data-widget_type=\"template.default\">\n\t\t\t\t<div class=\"elementor-widget-container\">\n\t\t\t\t\t\t\t<div class=\"elementor-template\">\n\t\t\t\t\t<div data-elementor-type=\"container\" data-elementor-id=\"10233\" class=\"elementor elementor-10233 elementor-6576\" data-elementor-post-type=\"elementor_library\">\n\t\t\t\t<div class=\"elementor-element elementor-element-1df86564 overlay white e-flex e-con-boxed e-con e-parent\" data-id=\"1df86564\" data-element_type=\"container\" data-settings=\"{&quot;background_background&quot;:&quot;classic&quot;}\">\n\t\t\t\t\t<div class=\"e-con-inner\">\n\t\t\t\t<div class=\"elementor-element elementor-element-709eb40a elementor-widget__width-initial elementor-widget elementor-widget-text-editor\" data-id=\"709eb40a\" data-element_type=\"widget\" data-widget_type=\"text-editor.default\">\n\t\t\t\t<div class=\"elementor-widget-container\">\n\t\t\t\t\t\t\t\t\tHaben Sie fragen? Rufen Sie noch heute an.\t\t\t\t\t\t\t\t<\/div>\n\t\t\t\t<\/div>\n\t\t\t\t<div class=\"elementor-element elementor-element-c2b849f elementor-icon-list--layout-inline elementor-align-left elementor-widget__width-initial elementor-list-item-link-full_width elementor-widget elementor-widget-icon-list\" data-id=\"c2b849f\" data-element_type=\"widget\" data-widget_type=\"icon-list.default\">\n\t\t\t\t<div class=\"elementor-widget-container\">\n\t\t\t\t\t\t\t<ul class=\"elementor-icon-list-items elementor-inline-items\">\n\t\t\t\t\t\t\t<li class=\"elementor-icon-list-item elementor-inline-item\">\n\t\t\t\t\t\t\t\t\t\t<span class=\"elementor-icon-list-text\"><a href=\"tel:+45 74 47 15 62\" aria-label=\"Telefon nummer\">+45 74 47 15 62<\/a><\/span>\n\t\t\t\t\t\t\t\t\t<\/li>\n\t\t\t\t\t\t\t\t<li class=\"elementor-icon-list-item elementor-inline-item\">\n\t\t\t\t\t\t\t\t\t\t<span class=\"elementor-icon-list-text\"><a href=\"mailto:info@ayh.dk\" aria-label=\"Email adresse\">info@ayh.dk<\/a><\/span>\n\t\t\t\t\t\t\t\t\t<\/li>\n\t\t\t\t\t\t<\/ul>\n\t\t\t\t\t\t<\/div>\n\t\t\t\t<\/div>\n\t\t\t\t\t<\/div>\n\t\t\t\t<\/div>\n\t\t\t\t<\/div>\n\t\t\t\t<\/div>\n\t\t\t\t\t\t<\/div>\n\t\t\t\t<\/div>\n\t\t\t\t<\/div>\n\t\t\t\t<\/div>\n\t\t\t\t<\/div>\n\t\t\t\t\t\t<\/div>\n\t\t\t\t<\/div>\n\t\t\t\t<\/div>\n\t\t<div class=\"elementor-element elementor-element-2a91b9b4 e-flex e-con-boxed e-con e-parent\" data-id=\"2a91b9b4\" data-element_type=\"container\">\n\t\t\t\t\t<div class=\"e-con-inner\">\n\t\t<div class=\"elementor-element elementor-element-7282012f e-con-full e-flex e-con e-child\" data-id=\"7282012f\" data-element_type=\"container\">\n\t\t\t\t<div class=\"elementor-element elementor-element-5de97e47 elementor-widget elementor-widget-heading\" data-id=\"5de97e47\" data-element_type=\"widget\" data-widget_type=\"heading.default\">\n\t\t\t\t<div class=\"elementor-widget-container\">\n\t\t\t\t\t<h2 class=\"elementor-heading-title elementor-size-default\">Sichere und beheizte Winterlagerung f\u00fcr Ihr Boot<\/h2>\t\t\t\t<\/div>\n\t\t\t\t<\/div>\n\t\t\t\t<div class=\"elementor-element elementor-element-4c988ac elementor-widget-divider--view-line elementor-widget elementor-widget-divider\" data-id=\"4c988ac\" data-element_type=\"widget\" data-widget_type=\"divider.default\">\n\t\t\t\t<div class=\"elementor-widget-container\">\n\t\t\t\t\t\t\t<div class=\"elementor-divider\">\n\t\t\t<span class=\"elementor-divider-separator\">\n\t\t\t\t\t\t<\/span>\n\t\t<\/div>\n\t\t\t\t\t\t<\/div>\n\t\t\t\t<\/div>\n\t\t\t\t<\/div>\n\t\t<div class=\"elementor-element elementor-element-30512da4 e-con-full e-flex e-con e-child\" data-id=\"30512da4\" data-element_type=\"container\">\n\t\t\t\t<div class=\"elementor-element elementor-element-8bce33f elementor-widget elementor-widget-text-editor\" data-id=\"8bce33f\" data-element_type=\"widget\" data-widget_type=\"text-editor.default\">\n\t\t\t\t<div class=\"elementor-widget-container\">\n\t\t\t\t\t\t\t\t\t<p>Winterlager in beheizte Halle<\/p>\n<p>Wir k\u00f6nnen Ihnen Hallenlager in einer topmoderne Halle anbieten.<br \/>\nInsgesamt haben wir 1800 m\u00b2 beheizte Hallenfl\u00e4che zu Verf\u00fcgung. Die Halle, Baujahr 2011, hat eine einfahrtsh\u00f6he von 9 m.<br \/>\nZutritt zu der Halle au\u00dferhalb der \u00d6ffnungszeiten ist nur m\u00f6glich mit einem Code. Dieses ist Ihre Garantie, dass Ihr Schiff bei uns sicher aufbewahrt ist.<\/p>\n<p>Die Winterlagerungsmiete betr\u00e4gt 48,26 EUR pro m\u00b2 zz. Mw. St.<\/p>\n<p>Die Lagerungsfl\u00e4che wird folgender ma\u00dfen berechnet (l.u.a. + 1 m x breite + 0,5 m).<\/p>\n<p>Dazu kommen noch zus\u00e4tzliche Kosten sowie Bockmiete, Ab-und Aufriggen, Auf- und Abslippen, Hochdruckspulen und Umweltkosten. Diese Preise sind zug\u00e4nglich auf den unterliegenden Seiten.<\/p>\n\t\t\t\t\t\t\t\t<\/div>\n\t\t\t\t<\/div>\n\t\t\t\t<\/div>\n\t\t<div class=\"elementor-element elementor-element-45438cd0 e-con-full e-flex e-con e-child\" data-id=\"45438cd0\" data-element_type=\"container\">\n\t\t\t\t<div class=\"elementor-element elementor-element-1b4508e0 dark elementor-widget elementor-widget-sidebar\" data-id=\"1b4508e0\" data-element_type=\"widget\" data-widget_type=\"sidebar.default\">\n\t\t\t\t<div class=\"elementor-widget-container\">\n\t\t\t\t\t<aside id=\"text-14\" class=\"widget-odd widget-5 widget inner-padding widget_text\"><h2 class=\"widget-title\">Kontaktieren Sie uns<\/h2>\t\t\t<div class=\"textwidget\"><p>Rufen Sie uns an, schreiben Sie uns eine E-Mail oder kommen Sie f\u00fcr ein unverbindliches Gespr\u00e4ch vorbei.<\/p>\n<\/div>\n\t\t<\/aside><aside id=\"forminator_widget-5\" class=\"widget-even widget-last widget-6 widget inner-padding widget_forminator_widget\"><form id=\"forminator-module-10217\" class=\"forminator-custom-form forminator-custom-form-10217\" method=\"post\" data-forminator-render=\"0\" data-uid=\"69dfba4516fb4\"><div role=\"alert\" aria-live=\"polite\" class=\"forminator-response-message forminator-error\" aria-hidden=\"true\"><\/div><\/form><\/aside>\t\t\t\t<\/div>\n\t\t\t\t<\/div>\n\t\t\t\t<\/div>\n\t\t\t\t\t<\/div>\n\t\t\t\t<\/div>\n\t\t<div class=\"elementor-element elementor-element-4be34ab2 light e-flex e-con-boxed e-con e-parent\" data-id=\"4be34ab2\" data-element_type=\"container\">\n\t\t\t\t\t<div class=\"e-con-inner\">\n\t\t\t\t<div class=\"elementor-element elementor-element-3d9c35bf elementor-widget elementor-widget-gallery\" data-id=\"3d9c35bf\" data-element_type=\"widget\" data-settings=\"{&quot;aspect_ratio&quot;:&quot;4:3&quot;,&quot;lazyload&quot;:&quot;yes&quot;,&quot;gallery_layout&quot;:&quot;grid&quot;,&quot;columns&quot;:4,&quot;columns_tablet&quot;:2,&quot;columns_mobile&quot;:1,&quot;gap&quot;:{&quot;unit&quot;:&quot;px&quot;,&quot;size&quot;:10,&quot;sizes&quot;:[]},&quot;gap_laptop&quot;:{&quot;unit&quot;:&quot;px&quot;,&quot;size&quot;:10,&quot;sizes&quot;:[]},&quot;gap_tablet&quot;:{&quot;unit&quot;:&quot;px&quot;,&quot;size&quot;:10,&quot;sizes&quot;:[]},&quot;gap_mobile&quot;:{&quot;unit&quot;:&quot;px&quot;,&quot;size&quot;:10,&quot;sizes&quot;:[]},&quot;link_to&quot;:&quot;file&quot;,&quot;overlay_background&quot;:&quot;yes&quot;,&quot;content_hover_animation&quot;:&quot;fade-in&quot;}\" data-widget_type=\"gallery.default\">\n\t\t\t\t<div class=\"elementor-widget-container\">\n\t\t\t\t\t\t\t<div class=\"elementor-gallery__container\">\n\t\t\t\t\t\t\t<a class=\"e-gallery-item elementor-gallery-item elementor-animated-content\" href=\"https:\/\/ayh.dk\/wp-content\/uploads\/2025\/01\/hal5.jpg\" data-elementor-open-lightbox=\"yes\" data-elementor-lightbox-slideshow=\"3d9c35bf\" data-e-action-hash=\"#elementor-action%3Aaction%3Dlightbox%26settings%3DeyJpZCI6OTg3NCwidXJsIjoiaHR0cHM6XC9cL2F5aC5ka1wvd3AtY29udGVudFwvdXBsb2Fkc1wvMjAyNVwvMDFcL2hhbDUuanBnIiwic2xpZGVzaG93IjoiM2Q5YzM1YmYifQ%3D%3D\" data-rel=\"-image-0\" data-rl_title=\"\" data-rl_caption=\"\" title=\"\">\n\t\t\t\t\t<div class=\"e-gallery-image elementor-gallery-item__image\" data-thumbnail=\"https:\/\/ayh.dk\/wp-content\/uploads\/2025\/01\/hal5.jpg\" data-width=\"400\" data-height=\"300\" aria-label=\"\" role=\"img\" ><\/div>\n\t\t\t\t\t\t\t\t\t\t\t<div class=\"elementor-gallery-item__overlay\"><\/div>\n\t\t\t\t\t\t\t\t\t\t\t\t\t\t<\/a>\n\t\t\t\t\t\t\t<a class=\"e-gallery-item elementor-gallery-item elementor-animated-content\" href=\"https:\/\/ayh.dk\/wp-content\/uploads\/2025\/01\/hal6.jpg\" data-elementor-open-lightbox=\"yes\" data-elementor-lightbox-slideshow=\"3d9c35bf\" data-e-action-hash=\"#elementor-action%3Aaction%3Dlightbox%26settings%3DeyJpZCI6OTg3NiwidXJsIjoiaHR0cHM6XC9cL2F5aC5ka1wvd3AtY29udGVudFwvdXBsb2Fkc1wvMjAyNVwvMDFcL2hhbDYuanBnIiwic2xpZGVzaG93IjoiM2Q5YzM1YmYifQ%3D%3D\" data-rel=\"-image-1\" data-rl_title=\"\" data-rl_caption=\"\" title=\"\">\n\t\t\t\t\t<div class=\"e-gallery-image elementor-gallery-item__image\" data-thumbnail=\"https:\/\/ayh.dk\/wp-content\/uploads\/2025\/01\/hal6.jpg\" data-width=\"400\" data-height=\"300\" aria-label=\"\" role=\"img\" ><\/div>\n\t\t\t\t\t\t\t\t\t\t\t<div class=\"elementor-gallery-item__overlay\"><\/div>\n\t\t\t\t\t\t\t\t\t\t\t\t\t\t<\/a>\n\t\t\t\t\t\t\t<a class=\"e-gallery-item elementor-gallery-item elementor-animated-content\" href=\"https:\/\/ayh.dk\/wp-content\/uploads\/2025\/01\/Billede-14_0.jpg\" data-elementor-open-lightbox=\"yes\" data-elementor-lightbox-slideshow=\"3d9c35bf\" data-e-action-hash=\"#elementor-action%3Aaction%3Dlightbox%26settings%3DeyJpZCI6OTc0NSwidXJsIjoiaHR0cHM6XC9cL2F5aC5ka1wvd3AtY29udGVudFwvdXBsb2Fkc1wvMjAyNVwvMDFcL0JpbGxlZGUtMTRfMC5qcGciLCJzbGlkZXNob3ciOiIzZDljMzViZiJ9\" data-rel=\"-image-2\" data-rl_title=\"\" data-rl_caption=\"\" title=\"\">\n\t\t\t\t\t<div class=\"e-gallery-image elementor-gallery-item__image\" data-thumbnail=\"https:\/\/ayh.dk\/wp-content\/uploads\/2025\/01\/Billede-14_0-500x257.jpg\" data-width=\"500\" data-height=\"257\" aria-label=\"\" role=\"img\" ><\/div>\n\t\t\t\t\t\t\t\t\t\t\t<div class=\"elementor-gallery-item__overlay\"><\/div>\n\t\t\t\t\t\t\t\t\t\t\t\t\t\t<\/a>\n\t\t\t\t\t\t\t<a class=\"e-gallery-item elementor-gallery-item elementor-animated-content\" href=\"https:\/\/ayh.dk\/wp-content\/uploads\/2025\/01\/Billede-18.jpg\" data-elementor-open-lightbox=\"yes\" data-elementor-lightbox-slideshow=\"3d9c35bf\" data-e-action-hash=\"#elementor-action%3Aaction%3Dlightbox%26settings%3DeyJpZCI6OTc1MSwidXJsIjoiaHR0cHM6XC9cL2F5aC5ka1wvd3AtY29udGVudFwvdXBsb2Fkc1wvMjAyNVwvMDFcL0JpbGxlZGUtMTguanBnIiwic2xpZGVzaG93IjoiM2Q5YzM1YmYifQ%3D%3D\" data-rel=\"-image-3\" data-rl_title=\"\" data-rl_caption=\"\" title=\"\">\n\t\t\t\t\t<div class=\"e-gallery-image elementor-gallery-item__image\" data-thumbnail=\"https:\/\/ayh.dk\/wp-content\/uploads\/2025\/01\/Billede-18-500x333.jpg\" data-width=\"500\" data-height=\"333\" aria-label=\"\" role=\"img\" ><\/div>\n\t\t\t\t\t\t\t\t\t\t\t<div class=\"elementor-gallery-item__overlay\"><\/div>\n\t\t\t\t\t\t\t\t\t\t\t\t\t\t<\/a>\n\t\t\t\t\t<\/div>\n\t\t\t\t\t<\/div>\n\t\t\t\t<\/div>\n\t\t\t\t\t<\/div>\n\t\t\t\t<\/div>\n\t\t<div class=\"elementor-element elementor-element-216f7b6c e-con-full no-padding e-flex e-con e-parent\" data-id=\"216f7b6c\" data-element_type=\"container\">\n\t\t\t\t<div class=\"elementor-element elementor-element-3241e718 elementor-widget elementor-widget-template\" data-id=\"3241e718\" data-element_type=\"widget\" data-widget_type=\"template.default\">\n\t\t\t\t<div class=\"elementor-widget-container\">\n\t\t\t\t\t\t\t<div class=\"elementor-template\">\n\t\t\t\t\t<div data-elementor-type=\"container\" data-elementor-id=\"9450\" class=\"elementor elementor-9450\" data-elementor-post-type=\"elementor_library\">\n\t\t\t\t<div class=\"elementor-element elementor-element-182142bd e-con-full no-padding e-flex e-con e-parent\" data-id=\"182142bd\" data-element_type=\"container\">\n\t\t\t\t<div class=\"elementor-element elementor-element-213c1b05 elementor-widget elementor-widget-template\" data-id=\"213c1b05\" data-element_type=\"widget\" data-widget_type=\"template.default\">\n\t\t\t\t<div class=\"elementor-widget-container\">\n\t\t\t\t\t\t\t<div class=\"elementor-template\">\n\t\t\t\t\t<div data-elementor-type=\"container\" data-elementor-id=\"10241\" class=\"elementor elementor-10241 elementor-5344\" data-elementor-post-type=\"elementor_library\">\n\t\t\t\t<div class=\"elementor-element elementor-element-3f00bfd6 overlay white e-flex e-con-boxed e-con e-parent\" data-id=\"3f00bfd6\" data-element_type=\"container\" data-settings=\"{&quot;background_background&quot;:&quot;classic&quot;}\">\n\t\t\t\t\t<div class=\"e-con-inner\">\n\t\t<div class=\"elementor-element elementor-element-ab71f0d e-con-full e-flex e-con e-child\" data-id=\"ab71f0d\" data-element_type=\"container\">\n\t\t\t\t<div class=\"elementor-element elementor-element-1d60337c elementor-widget elementor-widget-text-editor\" data-id=\"1d60337c\" data-element_type=\"widget\" data-widget_type=\"text-editor.default\">\n\t\t\t\t<div class=\"elementor-widget-container\">\n\t\t\t\t\t\t\t\t\t<h3>Nehmen Sie Kontakt auf<br \/>\nund erhalten Sie ein unverbindliches Angebot<\/h3>\n\t\t\t\t\t\t\t\t<\/div>\n\t\t\t\t<\/div>\n\t\t\t\t<\/div>\n\t\t<div class=\"elementor-element elementor-element-343f045 e-con-full e-flex e-con e-child\" data-id=\"343f045\" data-element_type=\"container\">\n\t\t\t\t<div class=\"elementor-element elementor-element-4002ec7d elementor-widget elementor-widget-shortcode\" data-id=\"4002ec7d\" data-element_type=\"widget\" data-widget_type=\"shortcode.default\">\n\t\t\t\t<div class=\"elementor-widget-container\">\n\t\t\t\t\t\t\t<div class=\"elementor-shortcode\"><form id=\"forminator-module-10217\" class=\"forminator-custom-form forminator-custom-form-10217\" method=\"post\" data-forminator-render=\"1\" data-uid=\"69dfba451d2ae\"><div role=\"alert\" aria-live=\"polite\" class=\"forminator-response-message forminator-error\" aria-hidden=\"true\"><\/div><\/form><\/div>\n\t\t\t\t\t\t<\/div>\n\t\t\t\t<\/div>\n\t\t\t\t<\/div>\n\t\t\t\t\t<\/div>\n\t\t\t\t<\/div>\n\t\t\t\t<\/div>\n\t\t\t\t<\/div>\n\t\t\t\t\t\t<\/div>\n\t\t\t\t<\/div>\n\t\t\t\t<\/div>\n\t\t\t\t<\/div>\n\t\t\t\t<\/div>\n\t\t\t\t\t\t<\/div>\n\t\t\t\t<\/div>\n\t\t\t\t<\/div>\n\t\t\t\t<\/div>\n\t\t","protected":false},"excerpt":{"rendered":"<p>Sichere und beheizte Winterlagerung f\u00fcr Ihr Boot Winterlager in beheizte Halle Wir k\u00f6nnen Ihnen Hallenlager in einer topmoderne Halle anbieten. Insgesamt haben wir 1800 m\u00b2 beheizte Hallenfl\u00e4che zu Verf\u00fcgung. Die Halle, Baujahr 2011, hat eine einfahrtsh\u00f6he von 9 m. Zutritt zu der Halle au\u00dferhalb der \u00d6ffnungszeiten ist nur m\u00f6glich mit einem Code. Dieses ist Ihre &#8230; <a title=\"Beheizte Halle\" class=\"read-more\" href=\"https:\/\/ayh.dk\/de\/winterlager\/beheizte-halle\/\" aria-label=\"Mehr Informationen \u00fcber Beheizte Halle\">Weiterlesen &#8230;<\/a><\/p>\n","protected":false},"author":5,"featured_media":0,"parent":10201,"menu_order":1012,"comment_status":"closed","ping_status":"closed","template":"","meta":{"_acf_changed":false,"footnotes":""},"categories":[],"class_list":["post-10203","page","type-page","status-publish"],"acf":[],"yoast_head":"<!-- This site is optimized with the Yoast SEO plugin v26.8 - https:\/\/yoast.com\/product\/yoast-seo-wordpress\/ -->\n<title>Beheizte Halle | Augustenborg Yachthavn I\/S<\/title>\n<meta name=\"robots\" content=\"index, follow, max-snippet:-1, max-image-preview:large, max-video-preview:-1\" \/>\n<link rel=\"canonical\" href=\"https:\/\/ayh.dk\/de\/winterlager\/beheizte-halle\/\" \/>\n<meta property=\"og:locale\" content=\"de_DE\" \/>\n<meta property=\"og:type\" content=\"article\" \/>\n<meta property=\"og:title\" content=\"Beheizte Halle | Augustenborg Yachthavn I\/S\" \/>\n<meta property=\"og:description\" content=\"Sichere und beheizte Winterlagerung f\u00fcr Ihr Boot Winterlager in beheizte Halle Wir k\u00f6nnen Ihnen Hallenlager in einer topmoderne Halle anbieten. Insgesamt haben wir 1800 m\u00b2 beheizte Hallenfl\u00e4che zu Verf\u00fcgung. Die Halle, Baujahr 2011, hat eine einfahrtsh\u00f6he von 9 m. Zutritt zu der Halle au\u00dferhalb der \u00d6ffnungszeiten ist nur m\u00f6glich mit einem Code. Dieses ist Ihre ... Weiterlesen ...\" \/>\n<meta property=\"og:url\" content=\"https:\/\/ayh.dk\/de\/winterlager\/beheizte-halle\/\" \/>\n<meta property=\"og:site_name\" content=\"Augustenborg Yachthavn I\/S\" \/>\n<meta property=\"article:modified_time\" content=\"2025-02-21T13:25:16+00:00\" \/>\n<meta name=\"twitter:card\" content=\"summary_large_image\" \/>\n<meta name=\"twitter:label1\" content=\"Gesch\u00e4tzte Lesezeit\" \/>\n\t<meta name=\"twitter:data1\" content=\"1\u00a0Minute\" \/>\n<script type=\"application\/ld+json\" class=\"yoast-schema-graph\">{\"@context\":\"https:\/\/schema.org\",\"@graph\":[{\"@type\":\"WebPage\",\"@id\":\"https:\/\/ayh.dk\/de\/winterlager\/beheizte-halle\/\",\"url\":\"https:\/\/ayh.dk\/de\/winterlager\/beheizte-halle\/\",\"name\":\"Beheizte Halle | Augustenborg Yachthavn I\/S\",\"isPartOf\":{\"@id\":\"https:\/\/ayh.dk\/de\/#website\"},\"datePublished\":\"2025-01-13T07:49:44+00:00\",\"dateModified\":\"2025-02-21T13:25:16+00:00\",\"breadcrumb\":{\"@id\":\"https:\/\/ayh.dk\/de\/winterlager\/beheizte-halle\/#breadcrumb\"},\"inLanguage\":\"de\",\"potentialAction\":[{\"@type\":\"ReadAction\",\"target\":[\"https:\/\/ayh.dk\/de\/winterlager\/beheizte-halle\/\"]}]},{\"@type\":\"BreadcrumbList\",\"@id\":\"https:\/\/ayh.dk\/de\/winterlager\/beheizte-halle\/#breadcrumb\",\"itemListElement\":[{\"@type\":\"ListItem\",\"position\":1,\"name\":\"Forside\",\"item\":\"https:\/\/ayh.dk\/de\/\"},{\"@type\":\"ListItem\",\"position\":2,\"name\":\"Winterlager\",\"item\":\"https:\/\/ayh.dk\/de\/vinter-opbevaring\/\"},{\"@type\":\"ListItem\",\"position\":3,\"name\":\"Beheizte Halle\"}]},{\"@type\":\"WebSite\",\"@id\":\"https:\/\/ayh.dk\/de\/#website\",\"url\":\"https:\/\/ayh.dk\/de\/\",\"name\":\"Augustenborg Yachthavn I\/S\",\"description\":\"Idylle, Ruhe, Erhohlung und Entspannung\",\"publisher\":{\"@id\":\"https:\/\/ayh.dk\/de\/#organization\"},\"potentialAction\":[{\"@type\":\"SearchAction\",\"target\":{\"@type\":\"EntryPoint\",\"urlTemplate\":\"https:\/\/ayh.dk\/de\/?s={search_term_string}\"},\"query-input\":{\"@type\":\"PropertyValueSpecification\",\"valueRequired\":true,\"valueName\":\"search_term_string\"}}],\"inLanguage\":\"de\"},{\"@type\":\"Organization\",\"@id\":\"https:\/\/ayh.dk\/de\/#organization\",\"name\":\"Augustenborg Yachthavn I\/S\",\"url\":\"https:\/\/ayh.dk\/de\/\",\"logo\":{\"@type\":\"ImageObject\",\"inLanguage\":\"de\",\"@id\":\"https:\/\/ayh.dk\/de\/#\/schema\/logo\/image\/\",\"url\":\"https:\/\/ayh.dk\/wp-content\/uploads\/2025\/01\/logo.png\",\"contentUrl\":\"https:\/\/ayh.dk\/wp-content\/uploads\/2025\/01\/logo.png\",\"width\":237,\"height\":50,\"caption\":\"Augustenborg Yachthavn I\/S\"},\"image\":{\"@id\":\"https:\/\/ayh.dk\/de\/#\/schema\/logo\/image\/\"}}]}<\/script>\n<!-- \/ Yoast SEO plugin. -->","yoast_head_json":{"title":"Beheizte Halle | Augustenborg Yachthavn I\/S","robots":{"index":"index","follow":"follow","max-snippet":"max-snippet:-1","max-image-preview":"max-image-preview:large","max-video-preview":"max-video-preview:-1"},"canonical":"https:\/\/ayh.dk\/de\/winterlager\/beheizte-halle\/","og_locale":"de_DE","og_type":"article","og_title":"Beheizte Halle | Augustenborg Yachthavn I\/S","og_description":"Sichere und beheizte Winterlagerung f\u00fcr Ihr Boot Winterlager in beheizte Halle Wir k\u00f6nnen Ihnen Hallenlager in einer topmoderne Halle anbieten. Insgesamt haben wir 1800 m\u00b2 beheizte Hallenfl\u00e4che zu Verf\u00fcgung. Die Halle, Baujahr 2011, hat eine einfahrtsh\u00f6he von 9 m. Zutritt zu der Halle au\u00dferhalb der \u00d6ffnungszeiten ist nur m\u00f6glich mit einem Code. Dieses ist Ihre ... Weiterlesen ...","og_url":"https:\/\/ayh.dk\/de\/winterlager\/beheizte-halle\/","og_site_name":"Augustenborg Yachthavn I\/S","article_modified_time":"2025-02-21T13:25:16+00:00","twitter_card":"summary_large_image","twitter_misc":{"Gesch\u00e4tzte Lesezeit":"1\u00a0Minute"},"schema":{"@context":"https:\/\/schema.org","@graph":[{"@type":"WebPage","@id":"https:\/\/ayh.dk\/de\/winterlager\/beheizte-halle\/","url":"https:\/\/ayh.dk\/de\/winterlager\/beheizte-halle\/","name":"Beheizte Halle | Augustenborg Yachthavn I\/S","isPartOf":{"@id":"https:\/\/ayh.dk\/de\/#website"},"datePublished":"2025-01-13T07:49:44+00:00","dateModified":"2025-02-21T13:25:16+00:00","breadcrumb":{"@id":"https:\/\/ayh.dk\/de\/winterlager\/beheizte-halle\/#breadcrumb"},"inLanguage":"de","potentialAction":[{"@type":"ReadAction","target":["https:\/\/ayh.dk\/de\/winterlager\/beheizte-halle\/"]}]},{"@type":"BreadcrumbList","@id":"https:\/\/ayh.dk\/de\/winterlager\/beheizte-halle\/#breadcrumb","itemListElement":[{"@type":"ListItem","position":1,"name":"Forside","item":"https:\/\/ayh.dk\/de\/"},{"@type":"ListItem","position":2,"name":"Winterlager","item":"https:\/\/ayh.dk\/de\/vinter-opbevaring\/"},{"@type":"ListItem","position":3,"name":"Beheizte Halle"}]},{"@type":"WebSite","@id":"https:\/\/ayh.dk\/de\/#website","url":"https:\/\/ayh.dk\/de\/","name":"Augustenborg Yachthavn I\/S","description":"Idylle, Ruhe, Erhohlung und Entspannung","publisher":{"@id":"https:\/\/ayh.dk\/de\/#organization"},"potentialAction":[{"@type":"SearchAction","target":{"@type":"EntryPoint","urlTemplate":"https:\/\/ayh.dk\/de\/?s={search_term_string}"},"query-input":{"@type":"PropertyValueSpecification","valueRequired":true,"valueName":"search_term_string"}}],"inLanguage":"de"},{"@type":"Organization","@id":"https:\/\/ayh.dk\/de\/#organization","name":"Augustenborg Yachthavn I\/S","url":"https:\/\/ayh.dk\/de\/","logo":{"@type":"ImageObject","inLanguage":"de","@id":"https:\/\/ayh.dk\/de\/#\/schema\/logo\/image\/","url":"https:\/\/ayh.dk\/wp-content\/uploads\/2025\/01\/logo.png","contentUrl":"https:\/\/ayh.dk\/wp-content\/uploads\/2025\/01\/logo.png","width":237,"height":50,"caption":"Augustenborg Yachthavn I\/S"},"image":{"@id":"https:\/\/ayh.dk\/de\/#\/schema\/logo\/image\/"}}]}},"_links":{"self":[{"href":"https:\/\/ayh.dk\/de\/wp-json\/wp\/v2\/pages\/10203","targetHints":{"allow":["GET"]}}],"collection":[{"href":"https:\/\/ayh.dk\/de\/wp-json\/wp\/v2\/pages"}],"about":[{"href":"https:\/\/ayh.dk\/de\/wp-json\/wp\/v2\/types\/page"}],"author":[{"embeddable":true,"href":"https:\/\/ayh.dk\/de\/wp-json\/wp\/v2\/users\/5"}],"replies":[{"embeddable":true,"href":"https:\/\/ayh.dk\/de\/wp-json\/wp\/v2\/comments?post=10203"}],"version-history":[{"count":1,"href":"https:\/\/ayh.dk\/de\/wp-json\/wp\/v2\/pages\/10203\/revisions"}],"predecessor-version":[{"id":10204,"href":"https:\/\/ayh.dk\/de\/wp-json\/wp\/v2\/pages\/10203\/revisions\/10204"}],"up":[{"embeddable":true,"href":"https:\/\/ayh.dk\/de\/wp-json\/wp\/v2\/pages\/10201"}],"wp:attachment":[{"href":"https:\/\/ayh.dk\/de\/wp-json\/wp\/v2\/media?parent=10203"}],"wp:term":[{"taxonomy":"category","embeddable":true,"href":"https:\/\/ayh.dk\/de\/wp-json\/wp\/v2\/categories?post=10203"}],"curies":[{"name":"wp","href":"https:\/\/api.w.org\/{rel}","templated":true}]}}