{"id":10201,"date":"2025-01-13T08:49:43","date_gmt":"2025-01-13T07:49:43","guid":{"rendered":"https:\/\/ayh.dk\/winterlager\/"},"modified":"2025-02-21T14:24:34","modified_gmt":"2025-02-21T13:24:34","slug":"winterlager","status":"publish","type":"page","link":"https:\/\/ayh.dk\/de\/winterlager\/","title":{"rendered":"Winterlager"},"content":{"rendered":"\t\t<div data-elementor-type=\"wp-page\" data-elementor-id=\"10201\" class=\"elementor elementor-10201 elementor-9396\" data-elementor-post-type=\"page\">\n\t\t\t\t<div class=\"elementor-element elementor-element-74abf22c e-con-full no-padding e-flex e-con e-parent\" data-id=\"74abf22c\" data-element_type=\"container\">\n\t\t\t\t<div class=\"elementor-element elementor-element-313e9186 elementor-widget elementor-widget-template\" data-id=\"313e9186\" data-element_type=\"widget\" data-widget_type=\"template.default\">\n\t\t\t\t<div class=\"elementor-widget-container\">\n\t\t\t\t\t\t\t<div class=\"elementor-template\">\n\t\t\t\t\t<div data-elementor-type=\"container\" data-elementor-id=\"6563\" class=\"elementor elementor-6563\" data-elementor-post-type=\"elementor_library\">\n\t\t\t\t<div class=\"elementor-element elementor-element-6b499f1f e-con-full no-padding e-flex e-con e-parent\" data-id=\"6b499f1f\" data-element_type=\"container\">\n\t\t\t\t<div class=\"elementor-element elementor-element-1ecbb66 elementor-widget elementor-widget-template\" data-id=\"1ecbb66\" data-element_type=\"widget\" data-widget_type=\"template.default\">\n\t\t\t\t<div class=\"elementor-widget-container\">\n\t\t\t\t\t\t\t<div class=\"elementor-template\">\n\t\t\t\t\t<div data-elementor-type=\"container\" data-elementor-id=\"10233\" class=\"elementor elementor-10233 elementor-6576\" data-elementor-post-type=\"elementor_library\">\n\t\t\t\t<div class=\"elementor-element elementor-element-1df86564 overlay white e-flex e-con-boxed e-con e-parent\" data-id=\"1df86564\" data-element_type=\"container\" data-settings=\"{&quot;background_background&quot;:&quot;classic&quot;}\">\n\t\t\t\t\t<div class=\"e-con-inner\">\n\t\t\t\t<div class=\"elementor-element elementor-element-709eb40a elementor-widget__width-initial elementor-widget elementor-widget-text-editor\" data-id=\"709eb40a\" data-element_type=\"widget\" data-widget_type=\"text-editor.default\">\n\t\t\t\t<div class=\"elementor-widget-container\">\n\t\t\t\t\t\t\t\t\tHaben Sie fragen? Rufen Sie noch heute an.\t\t\t\t\t\t\t\t<\/div>\n\t\t\t\t<\/div>\n\t\t\t\t<div class=\"elementor-element elementor-element-c2b849f elementor-icon-list--layout-inline elementor-align-left elementor-widget__width-initial elementor-list-item-link-full_width elementor-widget elementor-widget-icon-list\" data-id=\"c2b849f\" data-element_type=\"widget\" data-widget_type=\"icon-list.default\">\n\t\t\t\t<div class=\"elementor-widget-container\">\n\t\t\t\t\t\t\t<ul class=\"elementor-icon-list-items elementor-inline-items\">\n\t\t\t\t\t\t\t<li class=\"elementor-icon-list-item elementor-inline-item\">\n\t\t\t\t\t\t\t\t\t\t<span class=\"elementor-icon-list-text\"><a href=\"tel:+45 74 47 15 62\" aria-label=\"Telefon nummer\">+45 74 47 15 62<\/a><\/span>\n\t\t\t\t\t\t\t\t\t<\/li>\n\t\t\t\t\t\t\t\t<li class=\"elementor-icon-list-item elementor-inline-item\">\n\t\t\t\t\t\t\t\t\t\t<span class=\"elementor-icon-list-text\"><a href=\"mailto:info@ayh.dk\" aria-label=\"Email adresse\">info@ayh.dk<\/a><\/span>\n\t\t\t\t\t\t\t\t\t<\/li>\n\t\t\t\t\t\t<\/ul>\n\t\t\t\t\t\t<\/div>\n\t\t\t\t<\/div>\n\t\t\t\t\t<\/div>\n\t\t\t\t<\/div>\n\t\t\t\t<\/div>\n\t\t\t\t<\/div>\n\t\t\t\t\t\t<\/div>\n\t\t\t\t<\/div>\n\t\t\t\t<\/div>\n\t\t\t\t<\/div>\n\t\t\t\t<\/div>\n\t\t\t\t\t\t<\/div>\n\t\t\t\t<\/div>\n\t\t\t\t<\/div>\n\t\t<div class=\"elementor-element elementor-element-588cb0a0 e-flex e-con-boxed e-con e-parent\" data-id=\"588cb0a0\" data-element_type=\"container\">\n\t\t\t\t\t<div class=\"e-con-inner\">\n\t\t<div class=\"elementor-element elementor-element-292eb7a7 e-con-full e-flex e-con e-child\" data-id=\"292eb7a7\" data-element_type=\"container\">\n\t\t\t\t<div class=\"elementor-element elementor-element-37c7c3fe elementor-widget elementor-widget-heading\" data-id=\"37c7c3fe\" data-element_type=\"widget\" data-widget_type=\"heading.default\">\n\t\t\t\t<div class=\"elementor-widget-container\">\n\t\t\t\t\t<h2 class=\"elementor-heading-title elementor-size-default\">Moderne Ausr\u00fcstung und Know-how f\u00fcr die sichere Bootsf\u00fchrung<\/h2>\t\t\t\t<\/div>\n\t\t\t\t<\/div>\n\t\t\t\t<div class=\"elementor-element elementor-element-60add563 elementor-widget-divider--view-line elementor-widget elementor-widget-divider\" data-id=\"60add563\" data-element_type=\"widget\" data-widget_type=\"divider.default\">\n\t\t\t\t<div class=\"elementor-widget-container\">\n\t\t\t\t\t\t\t<div class=\"elementor-divider\">\n\t\t\t<span class=\"elementor-divider-separator\">\n\t\t\t\t\t\t<\/span>\n\t\t<\/div>\n\t\t\t\t\t\t<\/div>\n\t\t\t\t<\/div>\n\t\t\t\t<\/div>\n\t\t<div class=\"elementor-element elementor-element-12ed6778 e-con-full e-flex e-con e-child\" data-id=\"12ed6778\" data-element_type=\"container\">\n\t\t\t\t<div class=\"elementor-element elementor-element-18163d7a elementor-widget elementor-widget-text-editor\" data-id=\"18163d7a\" data-element_type=\"widget\" data-widget_type=\"text-editor.default\">\n\t\t\t\t<div class=\"elementor-widget-container\">\n\t\t\t\t\t\t\t\t\t<p>Unser Hafen bietet Ihnen das sicherste, neueste und modernste Boot-Handling-Equipment, das es auf dem Markt gibt. Unser Travelift, Baujahr 2003, ist ausgestattet mit Funkfernbedienung und hebt bis zu 35 Tonnen. F\u00fcr Bootstransporte an Land haben wir einen Hubwagen, Baujahr 2003, der bis 20 Tonnen transportieren kann.<\/p>\n<p>Alle Schiffe werden bei uns in unseren eigenen Knijpstra-Bootsgestellen gelagert. Sie k\u00f6nnen also sicher sein, dass die Schiffe nicht in selbstgebauten Bootsgestellen gelagert werden. Bei uns ist Ihr Schiff in sicheren H\u00e4nden.<\/p>\n<p>F\u00fcr die Arbeiten an Ihrem Schiff haben wir qualifizierte Mitarbeiter. F\u00fcr die Arbeiten die wir nicht selber ausf\u00fchren k\u00f6nnen engagieren wir die besten Subunternehmer. F\u00fcr Ihre Segel haben wir zum Beispiel Elvstr\u00f6m Sails. Die anderen Arbeiten werden von unseren eigenen Mitarbeitern durchgef\u00fchrt.<\/p>\n<p>Ihr Gespr\u00e4chspartner ist Diplomingenieur Anders Dahl, der sozusagen mit dem Segeln im Blut aufgewachsen ist. Wenn Sie einige Arbeiten an Ihrem Schiff selber ausf\u00fchren m\u00f6chten, beraten unsere Mitarbeiter Sie gerne.<\/p>\n<p>Unsere Werkstadt ist Vertragspartner f\u00fcr Yanmar Motoren, aber wir f\u00fchren nat\u00fcrlich auch Reparaturen an Volvo Penta und Bukh Motoren aus. Alle Ersatzteile sind innerhalb von 1 bis 2 Tagen verf\u00fcgbar.<\/p>\n<p>Sie k\u00f6nnen jederzeit unsere Preise auf Mail nachfragen.<\/p>\n\t\t\t\t\t\t\t\t<\/div>\n\t\t\t\t<\/div>\n\t\t\t\t<\/div>\n\t\t<div class=\"elementor-element elementor-element-5dd96f2b e-con-full e-flex e-con e-child\" data-id=\"5dd96f2b\" data-element_type=\"container\">\n\t\t\t\t<div class=\"elementor-element elementor-element-6c101a2a dark elementor-widget elementor-widget-sidebar\" data-id=\"6c101a2a\" data-element_type=\"widget\" data-widget_type=\"sidebar.default\">\n\t\t\t\t<div class=\"elementor-widget-container\">\n\t\t\t\t\t<aside id=\"text-14\" class=\"widget-odd widget-5 widget inner-padding widget_text\"><h2 class=\"widget-title\">Kontaktieren Sie uns<\/h2>\t\t\t<div class=\"textwidget\"><p>Rufen Sie uns an, schreiben Sie uns eine E-Mail oder kommen Sie f\u00fcr ein unverbindliches Gespr\u00e4ch vorbei.<\/p>\n<\/div>\n\t\t<\/aside><aside id=\"forminator_widget-5\" class=\"widget-even widget-last widget-6 widget inner-padding widget_forminator_widget\"><form id=\"forminator-module-10217\" class=\"forminator-custom-form forminator-custom-form-10217\" method=\"post\" data-forminator-render=\"0\" data-uid=\"69f5133c820a5\"><div role=\"alert\" aria-live=\"polite\" class=\"forminator-response-message forminator-error\" aria-hidden=\"true\"><\/div><\/form><\/aside>\t\t\t\t<\/div>\n\t\t\t\t<\/div>\n\t\t\t\t<\/div>\n\t\t\t\t\t<\/div>\n\t\t\t\t<\/div>\n\t\t<div class=\"elementor-element elementor-element-1118cb8e e-con-full no-padding e-flex e-con e-parent\" data-id=\"1118cb8e\" data-element_type=\"container\">\n\t\t\t\t<div class=\"elementor-element elementor-element-5e4a6571 elementor-widget elementor-widget-template\" data-id=\"5e4a6571\" data-element_type=\"widget\" data-widget_type=\"template.default\">\n\t\t\t\t<div class=\"elementor-widget-container\">\n\t\t\t\t\t\t\t<div class=\"elementor-template\">\n\t\t\t\t\t<div data-elementor-type=\"container\" data-elementor-id=\"9450\" class=\"elementor elementor-9450\" data-elementor-post-type=\"elementor_library\">\n\t\t\t\t<div class=\"elementor-element elementor-element-182142bd e-con-full no-padding e-flex e-con e-parent\" data-id=\"182142bd\" data-element_type=\"container\">\n\t\t\t\t<div class=\"elementor-element elementor-element-213c1b05 elementor-widget elementor-widget-template\" data-id=\"213c1b05\" data-element_type=\"widget\" data-widget_type=\"template.default\">\n\t\t\t\t<div class=\"elementor-widget-container\">\n\t\t\t\t\t\t\t<div class=\"elementor-template\">\n\t\t\t\t\t<div data-elementor-type=\"container\" data-elementor-id=\"10241\" class=\"elementor elementor-10241 elementor-5344\" data-elementor-post-type=\"elementor_library\">\n\t\t\t\t<div class=\"elementor-element elementor-element-3f00bfd6 overlay white e-flex e-con-boxed e-con e-parent\" data-id=\"3f00bfd6\" data-element_type=\"container\" data-settings=\"{&quot;background_background&quot;:&quot;classic&quot;}\">\n\t\t\t\t\t<div class=\"e-con-inner\">\n\t\t<div class=\"elementor-element elementor-element-ab71f0d e-con-full e-flex e-con e-child\" data-id=\"ab71f0d\" data-element_type=\"container\">\n\t\t\t\t<div class=\"elementor-element elementor-element-1d60337c elementor-widget elementor-widget-text-editor\" data-id=\"1d60337c\" data-element_type=\"widget\" data-widget_type=\"text-editor.default\">\n\t\t\t\t<div class=\"elementor-widget-container\">\n\t\t\t\t\t\t\t\t\t<h3>Nehmen Sie Kontakt auf<br \/>\nund erhalten Sie ein unverbindliches Angebot<\/h3>\n\t\t\t\t\t\t\t\t<\/div>\n\t\t\t\t<\/div>\n\t\t\t\t<\/div>\n\t\t<div class=\"elementor-element elementor-element-343f045 e-con-full e-flex e-con e-child\" data-id=\"343f045\" data-element_type=\"container\">\n\t\t\t\t<div class=\"elementor-element elementor-element-4002ec7d elementor-widget elementor-widget-shortcode\" data-id=\"4002ec7d\" data-element_type=\"widget\" data-widget_type=\"shortcode.default\">\n\t\t\t\t<div class=\"elementor-widget-container\">\n\t\t\t\t\t\t\t<div class=\"elementor-shortcode\"><form id=\"forminator-module-10217\" class=\"forminator-custom-form forminator-custom-form-10217\" method=\"post\" data-forminator-render=\"1\" data-uid=\"69f5133c86a9c\"><div role=\"alert\" aria-live=\"polite\" class=\"forminator-response-message forminator-error\" aria-hidden=\"true\"><\/div><\/form><\/div>\n\t\t\t\t\t\t<\/div>\n\t\t\t\t<\/div>\n\t\t\t\t<\/div>\n\t\t\t\t\t<\/div>\n\t\t\t\t<\/div>\n\t\t\t\t<\/div>\n\t\t\t\t<\/div>\n\t\t\t\t\t\t<\/div>\n\t\t\t\t<\/div>\n\t\t\t\t<\/div>\n\t\t\t\t<\/div>\n\t\t\t\t<\/div>\n\t\t\t\t\t\t<\/div>\n\t\t\t\t<\/div>\n\t\t\t\t<\/div>\n\t\t\t\t<\/div>\n\t\t","protected":false},"excerpt":{"rendered":"<p>Moderne Ausr\u00fcstung und Know-how f\u00fcr die sichere Bootsf\u00fchrung Unser Hafen bietet Ihnen das sicherste, neueste und modernste Boot-Handling-Equipment, das es auf dem Markt gibt. Unser Travelift, Baujahr 2003, ist ausgestattet mit Funkfernbedienung und hebt bis zu 35 Tonnen. F\u00fcr Bootstransporte an Land haben wir einen Hubwagen, Baujahr 2003, der bis 20 Tonnen transportieren kann. Alle &#8230; <a title=\"Winterlager\" class=\"read-more\" href=\"https:\/\/ayh.dk\/de\/winterlager\/\" aria-label=\"Mehr Informationen \u00fcber Winterlager\">Weiterlesen &#8230;<\/a><\/p>\n","protected":false},"author":5,"featured_media":0,"parent":0,"menu_order":1003,"comment_status":"closed","ping_status":"closed","template":"","meta":{"_acf_changed":false,"footnotes":""},"categories":[],"class_list":["post-10201","page","type-page","status-publish"],"acf":[],"yoast_head":"<!-- This site is optimized with the Yoast SEO plugin v26.8 - https:\/\/yoast.com\/product\/yoast-seo-wordpress\/ -->\n<title>Winterlager | Augustenborg Yachthavn I\/S<\/title>\n<meta name=\"robots\" content=\"index, follow, max-snippet:-1, max-image-preview:large, max-video-preview:-1\" \/>\n<link rel=\"canonical\" href=\"https:\/\/ayh.dk\/de\/winterlager\/\" \/>\n<meta property=\"og:locale\" content=\"de_DE\" \/>\n<meta property=\"og:type\" content=\"article\" \/>\n<meta property=\"og:title\" content=\"Winterlager | Augustenborg Yachthavn I\/S\" \/>\n<meta property=\"og:description\" content=\"Moderne Ausr\u00fcstung und Know-how f\u00fcr die sichere Bootsf\u00fchrung Unser Hafen bietet Ihnen das sicherste, neueste und modernste Boot-Handling-Equipment, das es auf dem Markt gibt. Unser Travelift, Baujahr 2003, ist ausgestattet mit Funkfernbedienung und hebt bis zu 35 Tonnen. F\u00fcr Bootstransporte an Land haben wir einen Hubwagen, Baujahr 2003, der bis 20 Tonnen transportieren kann. Alle ... Weiterlesen ...\" \/>\n<meta property=\"og:url\" content=\"https:\/\/ayh.dk\/de\/winterlager\/\" \/>\n<meta property=\"og:site_name\" content=\"Augustenborg Yachthavn I\/S\" \/>\n<meta property=\"article:modified_time\" content=\"2025-02-21T13:24:34+00:00\" \/>\n<meta name=\"twitter:card\" content=\"summary_large_image\" \/>\n<meta name=\"twitter:label1\" content=\"Gesch\u00e4tzte Lesezeit\" \/>\n\t<meta name=\"twitter:data1\" content=\"1\u00a0Minute\" \/>\n<script type=\"application\/ld+json\" class=\"yoast-schema-graph\">{\"@context\":\"https:\/\/schema.org\",\"@graph\":[{\"@type\":\"WebPage\",\"@id\":\"https:\/\/ayh.dk\/de\/winterlager\/\",\"url\":\"https:\/\/ayh.dk\/de\/winterlager\/\",\"name\":\"Winterlager | Augustenborg Yachthavn I\/S\",\"isPartOf\":{\"@id\":\"https:\/\/ayh.dk\/de\/#website\"},\"datePublished\":\"2025-01-13T07:49:43+00:00\",\"dateModified\":\"2025-02-21T13:24:34+00:00\",\"breadcrumb\":{\"@id\":\"https:\/\/ayh.dk\/de\/winterlager\/#breadcrumb\"},\"inLanguage\":\"de\",\"potentialAction\":[{\"@type\":\"ReadAction\",\"target\":[\"https:\/\/ayh.dk\/de\/winterlager\/\"]}]},{\"@type\":\"BreadcrumbList\",\"@id\":\"https:\/\/ayh.dk\/de\/winterlager\/#breadcrumb\",\"itemListElement\":[{\"@type\":\"ListItem\",\"position\":1,\"name\":\"Forside\",\"item\":\"https:\/\/ayh.dk\/de\/\"},{\"@type\":\"ListItem\",\"position\":2,\"name\":\"Winterlager\"}]},{\"@type\":\"WebSite\",\"@id\":\"https:\/\/ayh.dk\/de\/#website\",\"url\":\"https:\/\/ayh.dk\/de\/\",\"name\":\"Augustenborg Yachthavn I\/S\",\"description\":\"Idylle, Ruhe, Erhohlung und Entspannung\",\"publisher\":{\"@id\":\"https:\/\/ayh.dk\/de\/#organization\"},\"potentialAction\":[{\"@type\":\"SearchAction\",\"target\":{\"@type\":\"EntryPoint\",\"urlTemplate\":\"https:\/\/ayh.dk\/de\/?s={search_term_string}\"},\"query-input\":{\"@type\":\"PropertyValueSpecification\",\"valueRequired\":true,\"valueName\":\"search_term_string\"}}],\"inLanguage\":\"de\"},{\"@type\":\"Organization\",\"@id\":\"https:\/\/ayh.dk\/de\/#organization\",\"name\":\"Augustenborg Yachthavn I\/S\",\"url\":\"https:\/\/ayh.dk\/de\/\",\"logo\":{\"@type\":\"ImageObject\",\"inLanguage\":\"de\",\"@id\":\"https:\/\/ayh.dk\/de\/#\/schema\/logo\/image\/\",\"url\":\"https:\/\/ayh.dk\/wp-content\/uploads\/2025\/01\/logo.png\",\"contentUrl\":\"https:\/\/ayh.dk\/wp-content\/uploads\/2025\/01\/logo.png\",\"width\":237,\"height\":50,\"caption\":\"Augustenborg Yachthavn I\/S\"},\"image\":{\"@id\":\"https:\/\/ayh.dk\/de\/#\/schema\/logo\/image\/\"}}]}<\/script>\n<!-- \/ Yoast SEO plugin. -->","yoast_head_json":{"title":"Winterlager | Augustenborg Yachthavn I\/S","robots":{"index":"index","follow":"follow","max-snippet":"max-snippet:-1","max-image-preview":"max-image-preview:large","max-video-preview":"max-video-preview:-1"},"canonical":"https:\/\/ayh.dk\/de\/winterlager\/","og_locale":"de_DE","og_type":"article","og_title":"Winterlager | Augustenborg Yachthavn I\/S","og_description":"Moderne Ausr\u00fcstung und Know-how f\u00fcr die sichere Bootsf\u00fchrung Unser Hafen bietet Ihnen das sicherste, neueste und modernste Boot-Handling-Equipment, das es auf dem Markt gibt. Unser Travelift, Baujahr 2003, ist ausgestattet mit Funkfernbedienung und hebt bis zu 35 Tonnen. F\u00fcr Bootstransporte an Land haben wir einen Hubwagen, Baujahr 2003, der bis 20 Tonnen transportieren kann. Alle ... Weiterlesen ...","og_url":"https:\/\/ayh.dk\/de\/winterlager\/","og_site_name":"Augustenborg Yachthavn I\/S","article_modified_time":"2025-02-21T13:24:34+00:00","twitter_card":"summary_large_image","twitter_misc":{"Gesch\u00e4tzte Lesezeit":"1\u00a0Minute"},"schema":{"@context":"https:\/\/schema.org","@graph":[{"@type":"WebPage","@id":"https:\/\/ayh.dk\/de\/winterlager\/","url":"https:\/\/ayh.dk\/de\/winterlager\/","name":"Winterlager | Augustenborg Yachthavn I\/S","isPartOf":{"@id":"https:\/\/ayh.dk\/de\/#website"},"datePublished":"2025-01-13T07:49:43+00:00","dateModified":"2025-02-21T13:24:34+00:00","breadcrumb":{"@id":"https:\/\/ayh.dk\/de\/winterlager\/#breadcrumb"},"inLanguage":"de","potentialAction":[{"@type":"ReadAction","target":["https:\/\/ayh.dk\/de\/winterlager\/"]}]},{"@type":"BreadcrumbList","@id":"https:\/\/ayh.dk\/de\/winterlager\/#breadcrumb","itemListElement":[{"@type":"ListItem","position":1,"name":"Forside","item":"https:\/\/ayh.dk\/de\/"},{"@type":"ListItem","position":2,"name":"Winterlager"}]},{"@type":"WebSite","@id":"https:\/\/ayh.dk\/de\/#website","url":"https:\/\/ayh.dk\/de\/","name":"Augustenborg Yachthavn I\/S","description":"Idylle, Ruhe, Erhohlung und Entspannung","publisher":{"@id":"https:\/\/ayh.dk\/de\/#organization"},"potentialAction":[{"@type":"SearchAction","target":{"@type":"EntryPoint","urlTemplate":"https:\/\/ayh.dk\/de\/?s={search_term_string}"},"query-input":{"@type":"PropertyValueSpecification","valueRequired":true,"valueName":"search_term_string"}}],"inLanguage":"de"},{"@type":"Organization","@id":"https:\/\/ayh.dk\/de\/#organization","name":"Augustenborg Yachthavn I\/S","url":"https:\/\/ayh.dk\/de\/","logo":{"@type":"ImageObject","inLanguage":"de","@id":"https:\/\/ayh.dk\/de\/#\/schema\/logo\/image\/","url":"https:\/\/ayh.dk\/wp-content\/uploads\/2025\/01\/logo.png","contentUrl":"https:\/\/ayh.dk\/wp-content\/uploads\/2025\/01\/logo.png","width":237,"height":50,"caption":"Augustenborg Yachthavn I\/S"},"image":{"@id":"https:\/\/ayh.dk\/de\/#\/schema\/logo\/image\/"}}]}},"_links":{"self":[{"href":"https:\/\/ayh.dk\/de\/wp-json\/wp\/v2\/pages\/10201","targetHints":{"allow":["GET"]}}],"collection":[{"href":"https:\/\/ayh.dk\/de\/wp-json\/wp\/v2\/pages"}],"about":[{"href":"https:\/\/ayh.dk\/de\/wp-json\/wp\/v2\/types\/page"}],"author":[{"embeddable":true,"href":"https:\/\/ayh.dk\/de\/wp-json\/wp\/v2\/users\/5"}],"replies":[{"embeddable":true,"href":"https:\/\/ayh.dk\/de\/wp-json\/wp\/v2\/comments?post=10201"}],"version-history":[{"count":1,"href":"https:\/\/ayh.dk\/de\/wp-json\/wp\/v2\/pages\/10201\/revisions"}],"predecessor-version":[{"id":10202,"href":"https:\/\/ayh.dk\/de\/wp-json\/wp\/v2\/pages\/10201\/revisions\/10202"}],"wp:attachment":[{"href":"https:\/\/ayh.dk\/de\/wp-json\/wp\/v2\/media?parent=10201"}],"wp:term":[{"taxonomy":"category","embeddable":true,"href":"https:\/\/ayh.dk\/de\/wp-json\/wp\/v2\/categories?post=10201"}],"curies":[{"name":"wp","href":"https:\/\/api.w.org\/{rel}","templated":true}]}}