{"id":10185,"date":"2025-01-13T08:49:43","date_gmt":"2025-01-13T07:49:43","guid":{"rendered":"https:\/\/ayh.dk\/marina\/"},"modified":"2025-02-21T14:16:29","modified_gmt":"2025-02-21T13:16:29","slug":"marina","status":"publish","type":"page","link":"https:\/\/ayh.dk\/de\/marina\/","title":{"rendered":"Marina"},"content":{"rendered":"\t\t<div data-elementor-type=\"wp-page\" data-elementor-id=\"10185\" class=\"elementor elementor-10185 elementor-9393\" data-elementor-post-type=\"page\">\n\t\t\t\t<div class=\"elementor-element elementor-element-563684e1 e-con-full no-padding e-flex e-con e-parent\" data-id=\"563684e1\" data-element_type=\"container\">\n\t\t\t\t<div class=\"elementor-element elementor-element-5639fb4f elementor-widget elementor-widget-template\" data-id=\"5639fb4f\" data-element_type=\"widget\" data-widget_type=\"template.default\">\n\t\t\t\t<div class=\"elementor-widget-container\">\n\t\t\t\t\t\t\t<div class=\"elementor-template\">\n\t\t\t\t\t<div data-elementor-type=\"container\" data-elementor-id=\"6563\" class=\"elementor elementor-6563\" data-elementor-post-type=\"elementor_library\">\n\t\t\t\t<div class=\"elementor-element elementor-element-6b499f1f e-con-full no-padding e-flex e-con e-parent\" data-id=\"6b499f1f\" data-element_type=\"container\">\n\t\t\t\t<div class=\"elementor-element elementor-element-1ecbb66 elementor-widget elementor-widget-template\" data-id=\"1ecbb66\" data-element_type=\"widget\" data-widget_type=\"template.default\">\n\t\t\t\t<div class=\"elementor-widget-container\">\n\t\t\t\t\t\t\t<div class=\"elementor-template\">\n\t\t\t\t\t<div data-elementor-type=\"container\" data-elementor-id=\"10233\" class=\"elementor elementor-10233 elementor-6576\" data-elementor-post-type=\"elementor_library\">\n\t\t\t\t<div class=\"elementor-element elementor-element-1df86564 overlay white e-flex e-con-boxed e-con e-parent\" data-id=\"1df86564\" data-element_type=\"container\" data-settings=\"{&quot;background_background&quot;:&quot;classic&quot;}\">\n\t\t\t\t\t<div class=\"e-con-inner\">\n\t\t\t\t<div class=\"elementor-element elementor-element-709eb40a elementor-widget__width-initial elementor-widget elementor-widget-text-editor\" data-id=\"709eb40a\" data-element_type=\"widget\" data-widget_type=\"text-editor.default\">\n\t\t\t\t<div class=\"elementor-widget-container\">\n\t\t\t\t\t\t\t\t\tHaben Sie fragen? Rufen Sie noch heute an.\t\t\t\t\t\t\t\t<\/div>\n\t\t\t\t<\/div>\n\t\t\t\t<div class=\"elementor-element elementor-element-c2b849f elementor-icon-list--layout-inline elementor-align-left elementor-widget__width-initial elementor-list-item-link-full_width elementor-widget elementor-widget-icon-list\" data-id=\"c2b849f\" data-element_type=\"widget\" data-widget_type=\"icon-list.default\">\n\t\t\t\t<div class=\"elementor-widget-container\">\n\t\t\t\t\t\t\t<ul class=\"elementor-icon-list-items elementor-inline-items\">\n\t\t\t\t\t\t\t<li class=\"elementor-icon-list-item elementor-inline-item\">\n\t\t\t\t\t\t\t\t\t\t<span class=\"elementor-icon-list-text\"><a href=\"tel:+45 74 47 15 62\" aria-label=\"Telefon nummer\">+45 74 47 15 62<\/a><\/span>\n\t\t\t\t\t\t\t\t\t<\/li>\n\t\t\t\t\t\t\t\t<li class=\"elementor-icon-list-item elementor-inline-item\">\n\t\t\t\t\t\t\t\t\t\t<span class=\"elementor-icon-list-text\"><a href=\"mailto:info@ayh.dk\" aria-label=\"Email adresse\">info@ayh.dk<\/a><\/span>\n\t\t\t\t\t\t\t\t\t<\/li>\n\t\t\t\t\t\t<\/ul>\n\t\t\t\t\t\t<\/div>\n\t\t\t\t<\/div>\n\t\t\t\t\t<\/div>\n\t\t\t\t<\/div>\n\t\t\t\t<\/div>\n\t\t\t\t<\/div>\n\t\t\t\t\t\t<\/div>\n\t\t\t\t<\/div>\n\t\t\t\t<\/div>\n\t\t\t\t<\/div>\n\t\t\t\t<\/div>\n\t\t\t\t\t\t<\/div>\n\t\t\t\t<\/div>\n\t\t\t\t<\/div>\n\t\t<div class=\"elementor-element elementor-element-437767f5 e-flex e-con-boxed e-con e-parent\" data-id=\"437767f5\" data-element_type=\"container\">\n\t\t\t\t\t<div class=\"e-con-inner\">\n\t\t<div class=\"elementor-element elementor-element-da7a1d1 e-con-full e-flex e-con e-child\" data-id=\"da7a1d1\" data-element_type=\"container\">\n\t\t\t\t<div class=\"elementor-element elementor-element-594ab30 elementor-widget elementor-widget-heading\" data-id=\"594ab30\" data-element_type=\"widget\" data-widget_type=\"heading.default\">\n\t\t\t\t<div class=\"elementor-widget-container\">\n\t\t\t\t\t<h2 class=\"elementor-heading-title elementor-size-default\">Ein idyllischer Hafen f\u00fcr Segler<\/h2>\t\t\t\t<\/div>\n\t\t\t\t<\/div>\n\t\t\t\t<div class=\"elementor-element elementor-element-7943a2e6 elementor-widget-divider--view-line elementor-widget elementor-widget-divider\" data-id=\"7943a2e6\" data-element_type=\"widget\" data-widget_type=\"divider.default\">\n\t\t\t\t<div class=\"elementor-widget-container\">\n\t\t\t\t\t\t\t<div class=\"elementor-divider\">\n\t\t\t<span class=\"elementor-divider-separator\">\n\t\t\t\t\t\t<\/span>\n\t\t<\/div>\n\t\t\t\t\t\t<\/div>\n\t\t\t\t<\/div>\n\t\t\t\t<\/div>\n\t\t<div class=\"elementor-element elementor-element-2fdb2b68 e-con-full e-flex e-con e-child\" data-id=\"2fdb2b68\" data-element_type=\"container\">\n\t\t\t\t<div class=\"elementor-element elementor-element-47629d05 elementor-widget elementor-widget-text-editor\" data-id=\"47629d05\" data-element_type=\"widget\" data-widget_type=\"text-editor.default\">\n\t\t\t\t<div class=\"elementor-widget-container\">\n\t\t\t\t\t\t\t\t\t<p>Die Perle von Alsen so nennen Freizeitkapit\u00e4ne und Segler die Marina in Augustenborg. Die Marina liegt weit von Asphaltdschungel und Betonw\u00fcste entfernt, und Ihre Schiffe liegen hier sicher und gesch\u00fctzt an einer der landschaftlich attraktivsten Stellen J\u00fctlands, die mit dem Auto leicht und bequem zu erreichen ist.<\/p>\n<p>Die Insel Alsen ist ein guter Ausgangspunkt f\u00fcr Segelt\u00f6rns in eines der sch\u00f6nsten Segelgebiete Nordeuropas, n\u00e4mlich die Inselwelt von F\u00fcnen, auch &#8222;S\u00fcdsee&#8220; genannt.<\/p>\n<p>Ferner ist die Marina ein geeigneter Ausgangspunkt f\u00fcr herrliche Tages- und Wochenendausfl\u00fcge in die umliegenden kleinen und gro\u00dfen Buchten, Fjorde und Inseln des kleinen Belts, Alsensunds und der Flensburger F\u00f6rde.<\/p>\n<p>Unser Hafen verf\u00fcgt \u00fcber alle modernen Bequemlichkeiten. F\u00fcr die Kinder haben wir einen gro\u00df angelegten Spielplatz. F\u00fcr die ganz kleinen gibt es 2 Sandk\u00e4sten. Der ganze Spielplatz ist mit Sand versehen.<\/p>\n<p>Au\u00dferdem haben wir 2 Lamas, die das Leben auf unsere Wiesen Genie\u00dfen.<\/p>\n<p>Zum Hafen geh\u00f6rt auch einen kleinen Wald wo wir unseren Grillplatz eingerichtet haben. Der Grillplatz ist bei unseren Kunden sehr beliebt egal ob die Sonne scheint oder ob es regnet. Vom Grillplatz aus haben Sie einen sch\u00f6nen Ausblick \u00fcber den Hafen. Den Grillplatz haben wir in der Saison 2003 neu eingerichtet und ist nach Meinung unserer Kunden auch ein sch\u00f6nes Pl\u00e4tzen geworden f\u00fcrs Mittagsessen.<\/p>\n<p>Bei den Sanit\u00e4ren Einrichtungen haben wir im Jahr 2002 ein neues Waschhaus gebaut. Gleichzeitig hiermit haben wir f\u00fcr das Entleeren von Chemietoiletten ein Becken installiert.<\/p>\n<p>Wir w\u00fcnschen Ihnen einen sch\u00f6nen Urlaub und freuen uns auf Ihr Besuch.<\/p>\n\t\t\t\t\t\t\t\t<\/div>\n\t\t\t\t<\/div>\n\t\t\t\t<\/div>\n\t\t<div class=\"elementor-element elementor-element-3df42058 e-con-full e-flex e-con e-child\" data-id=\"3df42058\" data-element_type=\"container\">\n\t\t\t\t<div class=\"elementor-element elementor-element-620582cf dark elementor-widget elementor-widget-sidebar\" data-id=\"620582cf\" data-element_type=\"widget\" data-widget_type=\"sidebar.default\">\n\t\t\t\t<div class=\"elementor-widget-container\">\n\t\t\t\t\t<aside id=\"text-14\" class=\"widget-odd widget-5 widget inner-padding widget_text\"><h2 class=\"widget-title\">Kontaktieren Sie uns<\/h2>\t\t\t<div class=\"textwidget\"><p>Rufen Sie uns an, schreiben Sie uns eine E-Mail oder kommen Sie f\u00fcr ein unverbindliches Gespr\u00e4ch vorbei.<\/p>\n<\/div>\n\t\t<\/aside><aside id=\"forminator_widget-5\" class=\"widget-even widget-last widget-6 widget inner-padding widget_forminator_widget\"><form id=\"forminator-module-10217\" class=\"forminator-custom-form forminator-custom-form-10217\" method=\"post\" data-forminator-render=\"0\" data-uid=\"6a0959339c546\"><div role=\"alert\" aria-live=\"polite\" class=\"forminator-response-message forminator-error\" aria-hidden=\"true\"><\/div><\/form><\/aside>\t\t\t\t<\/div>\n\t\t\t\t<\/div>\n\t\t\t\t<\/div>\n\t\t\t\t\t<\/div>\n\t\t\t\t<\/div>\n\t\t<div class=\"elementor-element elementor-element-6a22bb2 e-con-full no-padding e-flex e-con e-parent\" data-id=\"6a22bb2\" data-element_type=\"container\">\n\t\t\t\t<div class=\"elementor-element elementor-element-2f33c77 elementor-widget elementor-widget-template\" data-id=\"2f33c77\" data-element_type=\"widget\" data-widget_type=\"template.default\">\n\t\t\t\t<div class=\"elementor-widget-container\">\n\t\t\t\t\t\t\t<div class=\"elementor-template\">\n\t\t\t\t\t<div data-elementor-type=\"container\" data-elementor-id=\"9450\" class=\"elementor elementor-9450\" data-elementor-post-type=\"elementor_library\">\n\t\t\t\t<div class=\"elementor-element elementor-element-182142bd e-con-full no-padding e-flex e-con e-parent\" data-id=\"182142bd\" data-element_type=\"container\">\n\t\t\t\t<div class=\"elementor-element elementor-element-213c1b05 elementor-widget elementor-widget-template\" data-id=\"213c1b05\" data-element_type=\"widget\" data-widget_type=\"template.default\">\n\t\t\t\t<div class=\"elementor-widget-container\">\n\t\t\t\t\t\t\t<div class=\"elementor-template\">\n\t\t\t\t\t<div data-elementor-type=\"container\" data-elementor-id=\"10241\" class=\"elementor elementor-10241 elementor-5344\" data-elementor-post-type=\"elementor_library\">\n\t\t\t\t<div class=\"elementor-element elementor-element-3f00bfd6 overlay white e-flex e-con-boxed e-con e-parent\" data-id=\"3f00bfd6\" data-element_type=\"container\" data-settings=\"{&quot;background_background&quot;:&quot;classic&quot;}\">\n\t\t\t\t\t<div class=\"e-con-inner\">\n\t\t<div class=\"elementor-element elementor-element-ab71f0d e-con-full e-flex e-con e-child\" data-id=\"ab71f0d\" data-element_type=\"container\">\n\t\t\t\t<div class=\"elementor-element elementor-element-1d60337c elementor-widget elementor-widget-text-editor\" data-id=\"1d60337c\" data-element_type=\"widget\" data-widget_type=\"text-editor.default\">\n\t\t\t\t<div class=\"elementor-widget-container\">\n\t\t\t\t\t\t\t\t\t<h3>Nehmen Sie Kontakt auf<br \/>\nund erhalten Sie ein unverbindliches Angebot<\/h3>\n\t\t\t\t\t\t\t\t<\/div>\n\t\t\t\t<\/div>\n\t\t\t\t<\/div>\n\t\t<div class=\"elementor-element elementor-element-343f045 e-con-full e-flex e-con e-child\" data-id=\"343f045\" data-element_type=\"container\">\n\t\t\t\t<div class=\"elementor-element elementor-element-4002ec7d elementor-widget elementor-widget-shortcode\" data-id=\"4002ec7d\" data-element_type=\"widget\" data-widget_type=\"shortcode.default\">\n\t\t\t\t<div class=\"elementor-widget-container\">\n\t\t\t\t\t\t\t<div class=\"elementor-shortcode\"><form id=\"forminator-module-10217\" class=\"forminator-custom-form forminator-custom-form-10217\" method=\"post\" data-forminator-render=\"1\" data-uid=\"6a095933a2233\"><div role=\"alert\" aria-live=\"polite\" class=\"forminator-response-message forminator-error\" aria-hidden=\"true\"><\/div><\/form><\/div>\n\t\t\t\t\t\t<\/div>\n\t\t\t\t<\/div>\n\t\t\t\t<\/div>\n\t\t\t\t\t<\/div>\n\t\t\t\t<\/div>\n\t\t\t\t<\/div>\n\t\t\t\t<\/div>\n\t\t\t\t\t\t<\/div>\n\t\t\t\t<\/div>\n\t\t\t\t<\/div>\n\t\t\t\t<\/div>\n\t\t\t\t<\/div>\n\t\t\t\t\t\t<\/div>\n\t\t\t\t<\/div>\n\t\t\t\t<\/div>\n\t\t\t\t<\/div>\n\t\t","protected":false},"excerpt":{"rendered":"<p>Ein idyllischer Hafen f\u00fcr Segler Die Perle von Alsen so nennen Freizeitkapit\u00e4ne und Segler die Marina in Augustenborg. Die Marina liegt weit von Asphaltdschungel und Betonw\u00fcste entfernt, und Ihre Schiffe liegen hier sicher und gesch\u00fctzt an einer der landschaftlich attraktivsten Stellen J\u00fctlands, die mit dem Auto leicht und bequem zu erreichen ist. Die Insel Alsen &#8230; <a title=\"Marina\" class=\"read-more\" href=\"https:\/\/ayh.dk\/de\/marina\/\" aria-label=\"Mehr Informationen \u00fcber Marina\">Weiterlesen &#8230;<\/a><\/p>\n","protected":false},"author":5,"featured_media":0,"parent":0,"menu_order":1000,"comment_status":"closed","ping_status":"closed","template":"","meta":{"_acf_changed":false,"footnotes":""},"categories":[],"class_list":["post-10185","page","type-page","status-publish"],"acf":[],"yoast_head":"<!-- This site is optimized with the Yoast SEO plugin v26.8 - https:\/\/yoast.com\/product\/yoast-seo-wordpress\/ -->\n<title>Marina | Augustenborg Yachthavn I\/S<\/title>\n<meta name=\"robots\" content=\"index, follow, max-snippet:-1, max-image-preview:large, max-video-preview:-1\" \/>\n<link rel=\"canonical\" href=\"https:\/\/ayh.dk\/de\/marina\/\" \/>\n<meta property=\"og:locale\" content=\"de_DE\" \/>\n<meta property=\"og:type\" content=\"article\" \/>\n<meta property=\"og:title\" content=\"Marina | Augustenborg Yachthavn I\/S\" \/>\n<meta property=\"og:description\" content=\"Ein idyllischer Hafen f\u00fcr Segler Die Perle von Alsen so nennen Freizeitkapit\u00e4ne und Segler die Marina in Augustenborg. Die Marina liegt weit von Asphaltdschungel und Betonw\u00fcste entfernt, und Ihre Schiffe liegen hier sicher und gesch\u00fctzt an einer der landschaftlich attraktivsten Stellen J\u00fctlands, die mit dem Auto leicht und bequem zu erreichen ist. Die Insel Alsen ... Weiterlesen ...\" \/>\n<meta property=\"og:url\" content=\"https:\/\/ayh.dk\/de\/marina\/\" \/>\n<meta property=\"og:site_name\" content=\"Augustenborg Yachthavn I\/S\" \/>\n<meta property=\"article:modified_time\" content=\"2025-02-21T13:16:29+00:00\" \/>\n<meta name=\"twitter:card\" content=\"summary_large_image\" \/>\n<meta name=\"twitter:label1\" content=\"Gesch\u00e4tzte Lesezeit\" \/>\n\t<meta name=\"twitter:data1\" content=\"1\u00a0Minute\" \/>\n<script type=\"application\/ld+json\" class=\"yoast-schema-graph\">{\"@context\":\"https:\/\/schema.org\",\"@graph\":[{\"@type\":\"WebPage\",\"@id\":\"https:\/\/ayh.dk\/de\/marina\/\",\"url\":\"https:\/\/ayh.dk\/de\/marina\/\",\"name\":\"Marina | Augustenborg Yachthavn I\/S\",\"isPartOf\":{\"@id\":\"https:\/\/ayh.dk\/de\/#website\"},\"datePublished\":\"2025-01-13T07:49:43+00:00\",\"dateModified\":\"2025-02-21T13:16:29+00:00\",\"breadcrumb\":{\"@id\":\"https:\/\/ayh.dk\/de\/marina\/#breadcrumb\"},\"inLanguage\":\"de\",\"potentialAction\":[{\"@type\":\"ReadAction\",\"target\":[\"https:\/\/ayh.dk\/de\/marina\/\"]}]},{\"@type\":\"BreadcrumbList\",\"@id\":\"https:\/\/ayh.dk\/de\/marina\/#breadcrumb\",\"itemListElement\":[{\"@type\":\"ListItem\",\"position\":1,\"name\":\"Forside\",\"item\":\"https:\/\/ayh.dk\/de\/\"},{\"@type\":\"ListItem\",\"position\":2,\"name\":\"Marina\"}]},{\"@type\":\"WebSite\",\"@id\":\"https:\/\/ayh.dk\/de\/#website\",\"url\":\"https:\/\/ayh.dk\/de\/\",\"name\":\"Augustenborg Yachthavn I\/S\",\"description\":\"Idylle, Ruhe, Erhohlung und Entspannung\",\"publisher\":{\"@id\":\"https:\/\/ayh.dk\/de\/#organization\"},\"potentialAction\":[{\"@type\":\"SearchAction\",\"target\":{\"@type\":\"EntryPoint\",\"urlTemplate\":\"https:\/\/ayh.dk\/de\/?s={search_term_string}\"},\"query-input\":{\"@type\":\"PropertyValueSpecification\",\"valueRequired\":true,\"valueName\":\"search_term_string\"}}],\"inLanguage\":\"de\"},{\"@type\":\"Organization\",\"@id\":\"https:\/\/ayh.dk\/de\/#organization\",\"name\":\"Augustenborg Yachthavn I\/S\",\"url\":\"https:\/\/ayh.dk\/de\/\",\"logo\":{\"@type\":\"ImageObject\",\"inLanguage\":\"de\",\"@id\":\"https:\/\/ayh.dk\/de\/#\/schema\/logo\/image\/\",\"url\":\"https:\/\/ayh.dk\/wp-content\/uploads\/2025\/01\/logo.png\",\"contentUrl\":\"https:\/\/ayh.dk\/wp-content\/uploads\/2025\/01\/logo.png\",\"width\":237,\"height\":50,\"caption\":\"Augustenborg Yachthavn I\/S\"},\"image\":{\"@id\":\"https:\/\/ayh.dk\/de\/#\/schema\/logo\/image\/\"}}]}<\/script>\n<!-- \/ Yoast SEO plugin. -->","yoast_head_json":{"title":"Marina | Augustenborg Yachthavn I\/S","robots":{"index":"index","follow":"follow","max-snippet":"max-snippet:-1","max-image-preview":"max-image-preview:large","max-video-preview":"max-video-preview:-1"},"canonical":"https:\/\/ayh.dk\/de\/marina\/","og_locale":"de_DE","og_type":"article","og_title":"Marina | Augustenborg Yachthavn I\/S","og_description":"Ein idyllischer Hafen f\u00fcr Segler Die Perle von Alsen so nennen Freizeitkapit\u00e4ne und Segler die Marina in Augustenborg. Die Marina liegt weit von Asphaltdschungel und Betonw\u00fcste entfernt, und Ihre Schiffe liegen hier sicher und gesch\u00fctzt an einer der landschaftlich attraktivsten Stellen J\u00fctlands, die mit dem Auto leicht und bequem zu erreichen ist. Die Insel Alsen ... Weiterlesen ...","og_url":"https:\/\/ayh.dk\/de\/marina\/","og_site_name":"Augustenborg Yachthavn I\/S","article_modified_time":"2025-02-21T13:16:29+00:00","twitter_card":"summary_large_image","twitter_misc":{"Gesch\u00e4tzte Lesezeit":"1\u00a0Minute"},"schema":{"@context":"https:\/\/schema.org","@graph":[{"@type":"WebPage","@id":"https:\/\/ayh.dk\/de\/marina\/","url":"https:\/\/ayh.dk\/de\/marina\/","name":"Marina | Augustenborg Yachthavn I\/S","isPartOf":{"@id":"https:\/\/ayh.dk\/de\/#website"},"datePublished":"2025-01-13T07:49:43+00:00","dateModified":"2025-02-21T13:16:29+00:00","breadcrumb":{"@id":"https:\/\/ayh.dk\/de\/marina\/#breadcrumb"},"inLanguage":"de","potentialAction":[{"@type":"ReadAction","target":["https:\/\/ayh.dk\/de\/marina\/"]}]},{"@type":"BreadcrumbList","@id":"https:\/\/ayh.dk\/de\/marina\/#breadcrumb","itemListElement":[{"@type":"ListItem","position":1,"name":"Forside","item":"https:\/\/ayh.dk\/de\/"},{"@type":"ListItem","position":2,"name":"Marina"}]},{"@type":"WebSite","@id":"https:\/\/ayh.dk\/de\/#website","url":"https:\/\/ayh.dk\/de\/","name":"Augustenborg Yachthavn I\/S","description":"Idylle, Ruhe, Erhohlung und Entspannung","publisher":{"@id":"https:\/\/ayh.dk\/de\/#organization"},"potentialAction":[{"@type":"SearchAction","target":{"@type":"EntryPoint","urlTemplate":"https:\/\/ayh.dk\/de\/?s={search_term_string}"},"query-input":{"@type":"PropertyValueSpecification","valueRequired":true,"valueName":"search_term_string"}}],"inLanguage":"de"},{"@type":"Organization","@id":"https:\/\/ayh.dk\/de\/#organization","name":"Augustenborg Yachthavn I\/S","url":"https:\/\/ayh.dk\/de\/","logo":{"@type":"ImageObject","inLanguage":"de","@id":"https:\/\/ayh.dk\/de\/#\/schema\/logo\/image\/","url":"https:\/\/ayh.dk\/wp-content\/uploads\/2025\/01\/logo.png","contentUrl":"https:\/\/ayh.dk\/wp-content\/uploads\/2025\/01\/logo.png","width":237,"height":50,"caption":"Augustenborg Yachthavn I\/S"},"image":{"@id":"https:\/\/ayh.dk\/de\/#\/schema\/logo\/image\/"}}]}},"_links":{"self":[{"href":"https:\/\/ayh.dk\/de\/wp-json\/wp\/v2\/pages\/10185","targetHints":{"allow":["GET"]}}],"collection":[{"href":"https:\/\/ayh.dk\/de\/wp-json\/wp\/v2\/pages"}],"about":[{"href":"https:\/\/ayh.dk\/de\/wp-json\/wp\/v2\/types\/page"}],"author":[{"embeddable":true,"href":"https:\/\/ayh.dk\/de\/wp-json\/wp\/v2\/users\/5"}],"replies":[{"embeddable":true,"href":"https:\/\/ayh.dk\/de\/wp-json\/wp\/v2\/comments?post=10185"}],"version-history":[{"count":1,"href":"https:\/\/ayh.dk\/de\/wp-json\/wp\/v2\/pages\/10185\/revisions"}],"predecessor-version":[{"id":10186,"href":"https:\/\/ayh.dk\/de\/wp-json\/wp\/v2\/pages\/10185\/revisions\/10186"}],"wp:attachment":[{"href":"https:\/\/ayh.dk\/de\/wp-json\/wp\/v2\/media?parent=10185"}],"wp:term":[{"taxonomy":"category","embeddable":true,"href":"https:\/\/ayh.dk\/de\/wp-json\/wp\/v2\/categories?post=10185"}],"curies":[{"name":"wp","href":"https:\/\/api.w.org\/{rel}","templated":true}]}}