{"id":10183,"date":"2020-02-12T13:11:38","date_gmt":"2020-02-12T12:11:38","guid":{"rendered":"https:\/\/ayh.dk\/kontakt\/"},"modified":"2025-02-21T14:15:55","modified_gmt":"2025-02-21T13:15:55","slug":"kontakt","status":"publish","type":"page","link":"https:\/\/ayh.dk\/de\/kontakt\/","title":{"rendered":"Kontakt"},"content":{"rendered":"\t\t<div data-elementor-type=\"wp-page\" data-elementor-id=\"10183\" class=\"elementor elementor-10183 elementor-61\" data-elementor-post-type=\"page\">\n\t\t\t\t<div class=\"elementor-element elementor-element-7545e050 e-con-full no-padding e-flex e-con e-parent\" data-id=\"7545e050\" data-element_type=\"container\">\n\t\t\t\t<div class=\"elementor-element elementor-element-529b3880 elementor-widget elementor-widget-template\" data-id=\"529b3880\" data-element_type=\"widget\" data-widget_type=\"template.default\">\n\t\t\t\t<div class=\"elementor-widget-container\">\n\t\t\t\t\t\t\t<div class=\"elementor-template\">\n\t\t\t\t\t<div data-elementor-type=\"container\" data-elementor-id=\"6563\" class=\"elementor elementor-6563\" data-elementor-post-type=\"elementor_library\">\n\t\t\t\t<div class=\"elementor-element elementor-element-6b499f1f e-con-full no-padding e-flex e-con e-parent\" data-id=\"6b499f1f\" data-element_type=\"container\">\n\t\t\t\t<div class=\"elementor-element elementor-element-1ecbb66 elementor-widget elementor-widget-template\" data-id=\"1ecbb66\" data-element_type=\"widget\" data-widget_type=\"template.default\">\n\t\t\t\t<div class=\"elementor-widget-container\">\n\t\t\t\t\t\t\t<div class=\"elementor-template\">\n\t\t\t\t\t<div data-elementor-type=\"container\" data-elementor-id=\"10233\" class=\"elementor elementor-10233 elementor-6576\" data-elementor-post-type=\"elementor_library\">\n\t\t\t\t<div class=\"elementor-element elementor-element-1df86564 overlay white e-flex e-con-boxed e-con e-parent\" data-id=\"1df86564\" data-element_type=\"container\" data-settings=\"{&quot;background_background&quot;:&quot;classic&quot;}\">\n\t\t\t\t\t<div class=\"e-con-inner\">\n\t\t\t\t<div class=\"elementor-element elementor-element-709eb40a elementor-widget__width-initial elementor-widget elementor-widget-text-editor\" data-id=\"709eb40a\" data-element_type=\"widget\" data-widget_type=\"text-editor.default\">\n\t\t\t\t<div class=\"elementor-widget-container\">\n\t\t\t\t\t\t\t\t\tSie haben Fragen oder Anmerkungen? Kontaktieren Sie uns noch heute, um mehr dar\u00fcber zu erfahren, was wir f\u00fcr Sie tun k\u00f6nnen.\t\t\t\t\t\t\t\t<\/div>\n\t\t\t\t<\/div>\n\t\t\t\t<div class=\"elementor-element elementor-element-c2b849f elementor-icon-list--layout-inline elementor-align-left elementor-widget__width-initial elementor-list-item-link-full_width elementor-widget elementor-widget-icon-list\" data-id=\"c2b849f\" data-element_type=\"widget\" data-widget_type=\"icon-list.default\">\n\t\t\t\t<div class=\"elementor-widget-container\">\n\t\t\t\t\t\t\t<ul class=\"elementor-icon-list-items elementor-inline-items\">\n\t\t\t\t\t\t\t<li class=\"elementor-icon-list-item elementor-inline-item\">\n\t\t\t\t\t\t\t\t\t\t<span class=\"elementor-icon-list-text\"><a href=\"tel:+45 74 47 15 62\" aria-label=\"Telefon nummer\">+45 74 47 15 62<\/a><\/span>\n\t\t\t\t\t\t\t\t\t<\/li>\n\t\t\t\t\t\t\t\t<li class=\"elementor-icon-list-item elementor-inline-item\">\n\t\t\t\t\t\t\t\t\t\t<span class=\"elementor-icon-list-text\"><a href=\"mailto:info@ayh.dk\" aria-label=\"Email adresse\">info@ayh.dk<\/a><\/span>\n\t\t\t\t\t\t\t\t\t<\/li>\n\t\t\t\t\t\t<\/ul>\n\t\t\t\t\t\t<\/div>\n\t\t\t\t<\/div>\n\t\t\t\t\t<\/div>\n\t\t\t\t<\/div>\n\t\t\t\t<\/div>\n\t\t\t\t<\/div>\n\t\t\t\t\t\t<\/div>\n\t\t\t\t<\/div>\n\t\t\t\t<\/div>\n\t\t\t\t<\/div>\n\t\t\t\t<\/div>\n\t\t\t\t\t\t<\/div>\n\t\t\t\t<\/div>\n\t\t\t\t<\/div>\n\t\t<div class=\"elementor-element elementor-element-7e52f399 e-flex e-con-boxed e-con e-parent\" data-id=\"7e52f399\" data-element_type=\"container\">\n\t\t\t\t\t<div class=\"e-con-inner\">\n\t\t<div class=\"elementor-element elementor-element-6d44bf8 e-con-full e-flex e-con e-child\" data-id=\"6d44bf8\" data-element_type=\"container\">\n\t\t\t\t<div class=\"elementor-element elementor-element-56020b78 elementor-widget elementor-widget-heading\" data-id=\"56020b78\" data-element_type=\"widget\" data-widget_type=\"heading.default\">\n\t\t\t\t<div class=\"elementor-widget-container\">\n\t\t\t\t\t<h2 class=\"elementor-heading-title elementor-size-default\">Kontaktieren Sie uns<\/h2>\t\t\t\t<\/div>\n\t\t\t\t<\/div>\n\t\t\t\t<div class=\"elementor-element elementor-element-f79e93b elementor-widget-divider--view-line elementor-widget elementor-widget-divider\" data-id=\"f79e93b\" data-element_type=\"widget\" data-widget_type=\"divider.default\">\n\t\t\t\t<div class=\"elementor-widget-container\">\n\t\t\t\t\t\t\t<div class=\"elementor-divider\">\n\t\t\t<span class=\"elementor-divider-separator\">\n\t\t\t\t\t\t<\/span>\n\t\t<\/div>\n\t\t\t\t\t\t<\/div>\n\t\t\t\t<\/div>\n\t\t\t\t<\/div>\n\t\t<div class=\"elementor-element elementor-element-400daffd e-con-full e-flex e-con e-child\" data-id=\"400daffd\" data-element_type=\"container\">\n\t\t\t\t<div class=\"elementor-element elementor-element-24abe069 elementor-widget elementor-widget-text-editor\" data-id=\"24abe069\" data-element_type=\"widget\" data-widget_type=\"text-editor.default\">\n\t\t\t\t<div class=\"elementor-widget-container\">\n\t\t\t\t\t\t\t\t\t<p>Wenn Sie an einem Angebot interessiert sind, dann rufen Sie uns bitte an. Sie k\u00f6nnen uns auch eine Mail schicken oder uns einfach besuchen kommen. Wir w\u00fcrden uns jederzeit \u00fcber Ihren Besuch freuen.<\/p>\n<p>Vergessen Sie bitte nicht uns die kompletten Schiffsdaten zu geben. Dieses erleichtert den weiteren Arbeitsverlauf. Zu den Schiffsdaten geh\u00f6rt der Schiffsname, Fabrikat, L\u00e4nge, Breite, Tiefgang und Gewicht.<\/p>\n<p>Wenn Sie ausserdem ein Angebot \u00fcber Winterlager w\u00fcnschen, dann brauchen wir die Mastl\u00e4nge und das Motorfabrikat. Letzt endlich m\u00fcssen wir auch wissen ob es Hallenlager oder Aussenlager sein soll.<br \/>\nWir w\u00fcrden uns freuen Sie als neuer Kunde bei uns begr\u00fc\u00dfen zu k\u00f6nnen.<\/p>\n<p>Willkommen in Augustenborg Yachthafen.<\/p>\n\t\t\t\t\t\t\t\t<\/div>\n\t\t\t\t<\/div>\n\t\t\t\t<\/div>\n\t\t<div class=\"elementor-element elementor-element-9ff783e e-con-full no-padding e-flex e-con e-child\" data-id=\"9ff783e\" data-element_type=\"container\" data-settings=\"{&quot;background_background&quot;:&quot;classic&quot;}\">\n\t\t<div class=\"elementor-element elementor-element-7204c95e e-con-full light padding e-flex e-con e-child\" data-id=\"7204c95e\" data-element_type=\"container\">\n\t\t\t\t<div class=\"elementor-element elementor-element-30676a96 elementor-widget elementor-widget-text-editor\" data-id=\"30676a96\" data-element_type=\"widget\" data-widget_type=\"text-editor.default\">\n\t\t\t\t<div class=\"elementor-widget-container\">\n\t\t\t\t\t\t\t\t\t<h3>Unsere Kontaktinformationen<\/h3>\n<p><strong>Augustenborg Yachthavn I\/S<\/strong><br \/>\n<a href=\"https:\/\/www.google.com\/maps\/place\/Langdel 6, 6440 Augustenborg\" target=\"_blank\" aria-label=\"Adresse\">Langdel 6, 6440 Augustenborg<\/a><\/p>\n<p><a href=\"tel:+45 74 47 15 62\" aria-label=\"Telefon nummer\">+45 74 47 15 62<\/a><br \/>\n<a href=\"mailto:info@ayh.dk\" aria-label=\"Email adresse\">info@ayh.dk<\/a><\/p>\n<p>CVR nr.: 41487313<\/p>\n\t\t\t\t\t\t\t\t<\/div>\n\t\t\t\t<\/div>\n\t\t\t\t<div class=\"elementor-element elementor-element-b8b05ef some elementor-widget elementor-widget-html\" data-id=\"b8b05ef\" data-element_type=\"widget\" data-widget_type=\"html.default\">\n\t\t\t\t<div class=\"elementor-widget-container\">\n\t\t\t\t\t<a href=\"https:\/\/www.facebook.com\/100063338402774\/\" target=\"_blank\" aria-label=\"F\u00f8lg os p\u00e5 Facebook\"><i class=\"fa-brands fa-facebook-f\"><\/i><\/a>\t\t\t\t<\/div>\n\t\t\t\t<\/div>\n\t\t\t\t<\/div>\n\t\t<div class=\"elementor-element elementor-element-590f5320 e-con-full padding e-flex e-con e-child\" data-id=\"590f5320\" data-element_type=\"container\">\n\t\t\t\t<div class=\"elementor-element elementor-element-5a06365d elementor-widget elementor-widget-heading\" data-id=\"5a06365d\" data-element_type=\"widget\" data-widget_type=\"heading.default\">\n\t\t\t\t<div class=\"elementor-widget-container\">\n\t\t\t\t\t<p class=\"elementor-heading-title elementor-size-default\">F\u00fcllen Sie hier das Kontaktformular aus<\/p>\t\t\t\t<\/div>\n\t\t\t\t<\/div>\n\t\t\t\t<div class=\"elementor-element elementor-element-717fed7d elementor-widget__width-inherit elementor-widget elementor-widget-shortcode\" data-id=\"717fed7d\" data-element_type=\"widget\" data-widget_type=\"shortcode.default\">\n\t\t\t\t<div class=\"elementor-widget-container\">\n\t\t\t\t\t\t\t<div class=\"elementor-shortcode\"><form id=\"forminator-module-10170\" class=\"forminator-custom-form forminator-custom-form-10170\" method=\"post\" data-forminator-render=\"0\" data-uid=\"69f39c6eba8af\"><div role=\"alert\" aria-live=\"polite\" class=\"forminator-response-message forminator-error\" aria-hidden=\"true\"><\/div><\/form><\/div>\n\t\t\t\t\t\t<\/div>\n\t\t\t\t<\/div>\n\t\t\t\t<\/div>\n\t\t\t\t<\/div>\n\t\t\t\t\t<\/div>\n\t\t\t\t<\/div>\n\t\t<div class=\"elementor-element elementor-element-5cbdb5d0 e-con-full no-padding e-flex e-con e-parent\" data-id=\"5cbdb5d0\" data-element_type=\"container\">\n\t\t\t\t<div class=\"elementor-element elementor-element-17247541 elementor-widget elementor-widget-google_maps\" data-id=\"17247541\" data-element_type=\"widget\" data-widget_type=\"google_maps.default\">\n\t\t\t\t<div class=\"elementor-widget-container\">\n\t\t\t\t\t\t\t<div class=\"elementor-custom-embed\">\n\t\t\t<iframe loading=\"lazy\"\n\t\t\t\t\tsrc=\"https:\/\/maps.google.com\/maps?q=Langdel%206%2C%206440%20Augustenborg&#038;t=m&#038;z=10&#038;output=embed&#038;iwloc=near\"\n\t\t\t\t\ttitle=\"Langdel 6, 6440 Augustenborg\"\n\t\t\t\t\taria-label=\"Langdel 6, 6440 Augustenborg\"\n\t\t\t><\/iframe>\n\t\t<\/div>\n\t\t\t\t\t\t<\/div>\n\t\t\t\t<\/div>\n\t\t\t\t<\/div>\n\t\t\t\t<\/div>\n\t\t","protected":false},"excerpt":{"rendered":"<p>Sie haben Fragen oder Anmerkungen? Kontaktieren Sie uns noch heute, um mehr dar\u00fcber zu erfahren, was wir f\u00fcr Sie tun k\u00f6nnen.<\/p>\n","protected":false},"author":1,"featured_media":0,"parent":0,"menu_order":0,"comment_status":"closed","ping_status":"closed","template":"","meta":{"_acf_changed":false,"footnotes":""},"categories":[],"class_list":["post-10183","page","type-page","status-publish"],"acf":[],"yoast_head":"<!-- This site is optimized with the Yoast SEO plugin v26.8 - https:\/\/yoast.com\/product\/yoast-seo-wordpress\/ -->\n<title>Kontakt | Augustenborg Yachthavn I\/S<\/title>\n<meta name=\"robots\" content=\"index, follow, max-snippet:-1, max-image-preview:large, max-video-preview:-1\" \/>\n<link rel=\"canonical\" href=\"https:\/\/ayh.dk\/de\/kontakt\/\" \/>\n<meta property=\"og:locale\" content=\"de_DE\" \/>\n<meta property=\"og:type\" content=\"article\" \/>\n<meta property=\"og:title\" content=\"Kontakt | Augustenborg Yachthavn I\/S\" \/>\n<meta property=\"og:description\" content=\"Sie haben Fragen oder Anmerkungen? Kontaktieren Sie uns noch heute, um mehr dar\u00fcber zu erfahren, was wir f\u00fcr Sie tun k\u00f6nnen.\" \/>\n<meta property=\"og:url\" content=\"https:\/\/ayh.dk\/de\/kontakt\/\" \/>\n<meta property=\"og:site_name\" content=\"Augustenborg Yachthavn I\/S\" \/>\n<meta property=\"article:modified_time\" content=\"2025-02-21T13:15:55+00:00\" \/>\n<meta name=\"twitter:card\" content=\"summary_large_image\" \/>\n<meta name=\"twitter:label1\" content=\"Gesch\u00e4tzte Lesezeit\" \/>\n\t<meta name=\"twitter:data1\" content=\"1\u00a0Minute\" \/>\n<script type=\"application\/ld+json\" class=\"yoast-schema-graph\">{\"@context\":\"https:\/\/schema.org\",\"@graph\":[{\"@type\":\"WebPage\",\"@id\":\"https:\/\/ayh.dk\/de\/kontakt\/\",\"url\":\"https:\/\/ayh.dk\/de\/kontakt\/\",\"name\":\"Kontakt | Augustenborg Yachthavn I\/S\",\"isPartOf\":{\"@id\":\"https:\/\/ayh.dk\/de\/#website\"},\"datePublished\":\"2020-02-12T12:11:38+00:00\",\"dateModified\":\"2025-02-21T13:15:55+00:00\",\"breadcrumb\":{\"@id\":\"https:\/\/ayh.dk\/de\/kontakt\/#breadcrumb\"},\"inLanguage\":\"de\",\"potentialAction\":[{\"@type\":\"ReadAction\",\"target\":[\"https:\/\/ayh.dk\/de\/kontakt\/\"]}]},{\"@type\":\"BreadcrumbList\",\"@id\":\"https:\/\/ayh.dk\/de\/kontakt\/#breadcrumb\",\"itemListElement\":[{\"@type\":\"ListItem\",\"position\":1,\"name\":\"Forside\",\"item\":\"https:\/\/ayh.dk\/de\/\"},{\"@type\":\"ListItem\",\"position\":2,\"name\":\"Kontakt\"}]},{\"@type\":\"WebSite\",\"@id\":\"https:\/\/ayh.dk\/de\/#website\",\"url\":\"https:\/\/ayh.dk\/de\/\",\"name\":\"Augustenborg Yachthavn I\/S\",\"description\":\"Idylle, Ruhe, Erhohlung und Entspannung\",\"publisher\":{\"@id\":\"https:\/\/ayh.dk\/de\/#organization\"},\"potentialAction\":[{\"@type\":\"SearchAction\",\"target\":{\"@type\":\"EntryPoint\",\"urlTemplate\":\"https:\/\/ayh.dk\/de\/?s={search_term_string}\"},\"query-input\":{\"@type\":\"PropertyValueSpecification\",\"valueRequired\":true,\"valueName\":\"search_term_string\"}}],\"inLanguage\":\"de\"},{\"@type\":\"Organization\",\"@id\":\"https:\/\/ayh.dk\/de\/#organization\",\"name\":\"Augustenborg Yachthavn I\/S\",\"url\":\"https:\/\/ayh.dk\/de\/\",\"logo\":{\"@type\":\"ImageObject\",\"inLanguage\":\"de\",\"@id\":\"https:\/\/ayh.dk\/de\/#\/schema\/logo\/image\/\",\"url\":\"https:\/\/ayh.dk\/wp-content\/uploads\/2025\/01\/logo.png\",\"contentUrl\":\"https:\/\/ayh.dk\/wp-content\/uploads\/2025\/01\/logo.png\",\"width\":237,\"height\":50,\"caption\":\"Augustenborg Yachthavn I\/S\"},\"image\":{\"@id\":\"https:\/\/ayh.dk\/de\/#\/schema\/logo\/image\/\"}}]}<\/script>\n<!-- \/ Yoast SEO plugin. -->","yoast_head_json":{"title":"Kontakt | Augustenborg Yachthavn I\/S","robots":{"index":"index","follow":"follow","max-snippet":"max-snippet:-1","max-image-preview":"max-image-preview:large","max-video-preview":"max-video-preview:-1"},"canonical":"https:\/\/ayh.dk\/de\/kontakt\/","og_locale":"de_DE","og_type":"article","og_title":"Kontakt | Augustenborg Yachthavn I\/S","og_description":"Sie haben Fragen oder Anmerkungen? Kontaktieren Sie uns noch heute, um mehr dar\u00fcber zu erfahren, was wir f\u00fcr Sie tun k\u00f6nnen.","og_url":"https:\/\/ayh.dk\/de\/kontakt\/","og_site_name":"Augustenborg Yachthavn I\/S","article_modified_time":"2025-02-21T13:15:55+00:00","twitter_card":"summary_large_image","twitter_misc":{"Gesch\u00e4tzte Lesezeit":"1\u00a0Minute"},"schema":{"@context":"https:\/\/schema.org","@graph":[{"@type":"WebPage","@id":"https:\/\/ayh.dk\/de\/kontakt\/","url":"https:\/\/ayh.dk\/de\/kontakt\/","name":"Kontakt | Augustenborg Yachthavn I\/S","isPartOf":{"@id":"https:\/\/ayh.dk\/de\/#website"},"datePublished":"2020-02-12T12:11:38+00:00","dateModified":"2025-02-21T13:15:55+00:00","breadcrumb":{"@id":"https:\/\/ayh.dk\/de\/kontakt\/#breadcrumb"},"inLanguage":"de","potentialAction":[{"@type":"ReadAction","target":["https:\/\/ayh.dk\/de\/kontakt\/"]}]},{"@type":"BreadcrumbList","@id":"https:\/\/ayh.dk\/de\/kontakt\/#breadcrumb","itemListElement":[{"@type":"ListItem","position":1,"name":"Forside","item":"https:\/\/ayh.dk\/de\/"},{"@type":"ListItem","position":2,"name":"Kontakt"}]},{"@type":"WebSite","@id":"https:\/\/ayh.dk\/de\/#website","url":"https:\/\/ayh.dk\/de\/","name":"Augustenborg Yachthavn I\/S","description":"Idylle, Ruhe, Erhohlung und Entspannung","publisher":{"@id":"https:\/\/ayh.dk\/de\/#organization"},"potentialAction":[{"@type":"SearchAction","target":{"@type":"EntryPoint","urlTemplate":"https:\/\/ayh.dk\/de\/?s={search_term_string}"},"query-input":{"@type":"PropertyValueSpecification","valueRequired":true,"valueName":"search_term_string"}}],"inLanguage":"de"},{"@type":"Organization","@id":"https:\/\/ayh.dk\/de\/#organization","name":"Augustenborg Yachthavn I\/S","url":"https:\/\/ayh.dk\/de\/","logo":{"@type":"ImageObject","inLanguage":"de","@id":"https:\/\/ayh.dk\/de\/#\/schema\/logo\/image\/","url":"https:\/\/ayh.dk\/wp-content\/uploads\/2025\/01\/logo.png","contentUrl":"https:\/\/ayh.dk\/wp-content\/uploads\/2025\/01\/logo.png","width":237,"height":50,"caption":"Augustenborg Yachthavn I\/S"},"image":{"@id":"https:\/\/ayh.dk\/de\/#\/schema\/logo\/image\/"}}]}},"_links":{"self":[{"href":"https:\/\/ayh.dk\/de\/wp-json\/wp\/v2\/pages\/10183","targetHints":{"allow":["GET"]}}],"collection":[{"href":"https:\/\/ayh.dk\/de\/wp-json\/wp\/v2\/pages"}],"about":[{"href":"https:\/\/ayh.dk\/de\/wp-json\/wp\/v2\/types\/page"}],"author":[{"embeddable":true,"href":"https:\/\/ayh.dk\/de\/wp-json\/wp\/v2\/users\/1"}],"replies":[{"embeddable":true,"href":"https:\/\/ayh.dk\/de\/wp-json\/wp\/v2\/comments?post=10183"}],"version-history":[{"count":1,"href":"https:\/\/ayh.dk\/de\/wp-json\/wp\/v2\/pages\/10183\/revisions"}],"predecessor-version":[{"id":10184,"href":"https:\/\/ayh.dk\/de\/wp-json\/wp\/v2\/pages\/10183\/revisions\/10184"}],"wp:attachment":[{"href":"https:\/\/ayh.dk\/de\/wp-json\/wp\/v2\/media?parent=10183"}],"wp:term":[{"taxonomy":"category","embeddable":true,"href":"https:\/\/ayh.dk\/de\/wp-json\/wp\/v2\/categories?post=10183"}],"curies":[{"name":"wp","href":"https:\/\/api.w.org\/{rel}","templated":true}]}}